{"id":1572,"date":"2026-02-17T19:56:43","date_gmt":"2026-02-17T19:56:43","guid":{"rendered":"https:\/\/avukatsitesiwp.webboll.com\/?page_id=1572"},"modified":"2026-02-18T19:26:39","modified_gmt":"2026-02-18T19:26:39","slug":"sss","status":"publish","type":"page","link":"https:\/\/drone.webboll.com\/index.php\/sss\/","title":{"rendered":"SSS"},"content":{"rendered":"\t\t<div data-elementor-type=\"wp-page\" data-elementor-id=\"1572\" class=\"elementor elementor-1572\">\n\t\t\t\t\t\t<section class=\"elementor-section elementor-top-section elementor-element elementor-element-fa26ce3 elementor-section-boxed elementor-section-height-default elementor-section-height-default\" data-id=\"fa26ce3\" data-element_type=\"section\" data-e-type=\"section\">\n\t\t\t\t\t\t<div class=\"elementor-container elementor-column-gap-default\">\n\t\t\t\t\t<div class=\"elementor-column elementor-col-100 elementor-top-column elementor-element elementor-element-a8a0f23\" data-id=\"a8a0f23\" data-element_type=\"column\" data-e-type=\"column\">\n\t\t\t<div class=\"elementor-widget-wrap elementor-element-populated\">\n\t\t\t\t\t\t<div class=\"elementor-element elementor-element-d25dbb3 elementor-widget elementor-widget-accordion\" data-id=\"d25dbb3\" data-element_type=\"widget\" data-e-type=\"widget\" data-widget_type=\"accordion.default\">\n\t\t\t\t\t\t\t<div class=\"elementor-accordion\">\n\t\t\t\t\t\t\t<div class=\"elementor-accordion-item\">\n\t\t\t\t\t<div id=\"elementor-tab-title-2201\" class=\"elementor-tab-title\" data-tab=\"1\" role=\"button\" aria-controls=\"elementor-tab-content-2201\" aria-expanded=\"false\">\n\t\t\t\t\t\t\t\t\t\t\t\t\t<span class=\"elementor-accordion-icon elementor-accordion-icon-left\" aria-hidden=\"true\">\n\t\t\t\t\t\t\t\t\t\t\t\t\t\t\t<span class=\"elementor-accordion-icon-closed\"><i class=\"fas fa-plus\"><\/i><\/span>\n\t\t\t\t\t\t\t\t<span class=\"elementor-accordion-icon-opened\"><i class=\"fas fa-minus\"><\/i><\/span>\n\t\t\t\t\t\t\t\t\t\t\t\t\t\t<\/span>\n\t\t\t\t\t\t\t\t\t\t\t\t<a class=\"elementor-accordion-title\" tabindex=\"0\">1)\tHangi i\u015flerimi bir avukat vas\u0131tas\u0131yla takip ettirmeliyim?<\/a>\n\t\t\t\t\t<\/div>\n\t\t\t\t\t<div id=\"elementor-tab-content-2201\" class=\"elementor-tab-content elementor-clearfix\" data-tab=\"1\" role=\"region\" aria-labelledby=\"elementor-tab-title-2201\"><p>Avukatlar, herhangi bir noterde d\u00fczenleyebilece\u011finiz bir vek\u00e2letname resmi makamlardaki hemen her i\u015finizi takip etme yetkisine sahiptirler. \u00dclkemizde en ufak bir resmi i\u015flemin dahi ciddi bir b\u00fcrokrasiye tabi olmas\u0131 bir\u00e7ok alanda avukatla i\u015f takibini elzem k\u0131lmaktad\u0131r.<\/p><p>Avukat denildi\u011finde elbette ilk olarak akla dava a\u00e7\u0131lmas\u0131 ve yarg\u0131lama s\u00fcreci gelmektedir. Hangi dava olursa \u00fclkemizde s\u0131k\u0131 bir Usul Hukuku rejimi bulundu\u011fundan takibi ciddi bir \u00f6zen ve bilgi istemektedir. Bu sebeple elbette ilk olarak mahkeme s\u00fcre\u00e7leriniz i\u00e7in avukata ba\u015fvurabilirsiniz.<\/p><p>\u0130cra takipleri de yine Avukat denildi\u011fi zaman ilk akla gelen yasal prosed\u00fcrlerdir. \u0130ster alacakl\u0131 ister bor\u00e7lu olun sonu\u00e7 almak ve gereksiz yere ma\u011fdur olmamak ad\u0131na avukat yard\u0131m\u0131 almak lehinize olacakt\u0131r.<\/p><p>Bunlar\u0131n d\u0131\u015f\u0131nda resmi makamlardaki tapu devri, \u015firket kurulmas\u0131, belge \u00f6rne\u011fi al\u0131nmas\u0131, bilgi al\u0131nmas\u0131, makamlara m\u00fcnferit konularda ba\u015fvuru yap\u0131lmas\u0131 ve itiraz edilmesi, t\u00fcketici heyetlerine ba\u015fvuru yap\u0131lmas\u0131 gibi daha bir\u00e7ok hususta bir avukat vas\u0131tas\u0131yla hareket etmek hem i\u015flerinizi kolayla\u015ft\u0131racak hem de sizi ciddi bir i\u015f y\u00fck\u00fcnden kurtaracakt\u0131r.<\/p><\/div>\n\t\t\t\t<\/div>\n\t\t\t\t\t\t\t<div class=\"elementor-accordion-item\">\n\t\t\t\t\t<div id=\"elementor-tab-title-2202\" class=\"elementor-tab-title\" data-tab=\"2\" role=\"button\" aria-controls=\"elementor-tab-content-2202\" aria-expanded=\"false\">\n\t\t\t\t\t\t\t\t\t\t\t\t\t<span class=\"elementor-accordion-icon elementor-accordion-icon-left\" aria-hidden=\"true\">\n\t\t\t\t\t\t\t\t\t\t\t\t\t\t\t<span class=\"elementor-accordion-icon-closed\"><i class=\"fas fa-plus\"><\/i><\/span>\n\t\t\t\t\t\t\t\t<span class=\"elementor-accordion-icon-opened\"><i class=\"fas fa-minus\"><\/i><\/span>\n\t\t\t\t\t\t\t\t\t\t\t\t\t\t<\/span>\n\t\t\t\t\t\t\t\t\t\t\t\t<a class=\"elementor-accordion-title\" tabindex=\"0\">2)\tAvukatl\u0131k \u00fccreti \u00f6demek zorunda m\u0131y\u0131m ve bu \u00fccreti neye g\u00f6re \u00f6deyece\u011fim?<\/a>\n\t\t\t\t\t<\/div>\n\t\t\t\t\t<div id=\"elementor-tab-content-2202\" class=\"elementor-tab-content elementor-clearfix\" data-tab=\"2\" role=\"region\" aria-labelledby=\"elementor-tab-title-2202\"><p>Kanun gere\u011fi avukatlar\u0131n \u00fccret almaks\u0131z\u0131n herhangi bir i\u015f takip etmesi yasakt\u0131r. Bu sebeple avukatlara \u00fccret \u00f6demek kanuni bir zorunluluktur, kar\u015f\u0131 taraftan \u00e7\u0131kmas\u0131 muhtemel vek\u00e2let \u00fccretine atfen i\u015f takibi yap\u0131lmas\u0131 kanuna ayk\u0131r\u0131d\u0131r.<\/p><p>Avukatl\u0131k \u00fccretlerinin alt s\u0131n\u0131r\u0131 her y\u0131l yay\u0131nlanan \u201cAvukatl\u0131k Asgari \u00dccret Tarifesine\u201d g\u00f6re belirlenmektedir. \u00a0Elbette dosyan\u0131n mahiyeti ve gerektirdi\u011fi eme\u011fe g\u00f6re de \u00fccret tayini yap\u0131lmaktad\u0131r. Yine bu tarifeye g\u00f6re avukata s\u00f6zl\u00fc veya yaz\u0131l\u0131 dan\u0131\u015fma da \u00fccrete tabidir.<\/p><\/div>\n\t\t\t\t<\/div>\n\t\t\t\t\t\t\t<div class=\"elementor-accordion-item\">\n\t\t\t\t\t<div id=\"elementor-tab-title-2203\" class=\"elementor-tab-title\" data-tab=\"3\" role=\"button\" aria-controls=\"elementor-tab-content-2203\" aria-expanded=\"false\">\n\t\t\t\t\t\t\t\t\t\t\t\t\t<span class=\"elementor-accordion-icon elementor-accordion-icon-left\" aria-hidden=\"true\">\n\t\t\t\t\t\t\t\t\t\t\t\t\t\t\t<span class=\"elementor-accordion-icon-closed\"><i class=\"fas fa-plus\"><\/i><\/span>\n\t\t\t\t\t\t\t\t<span class=\"elementor-accordion-icon-opened\"><i class=\"fas fa-minus\"><\/i><\/span>\n\t\t\t\t\t\t\t\t\t\t\t\t\t\t<\/span>\n\t\t\t\t\t\t\t\t\t\t\t\t<a class=\"elementor-accordion-title\" tabindex=\"0\">3)\tVek\u00e2letname vermek istiyorum ne yapmal\u0131y\u0131m?<\/a>\n\t\t\t\t\t<\/div>\n\t\t\t\t\t<div id=\"elementor-tab-content-2203\" class=\"elementor-tab-content elementor-clearfix\" data-tab=\"3\" role=\"region\" aria-labelledby=\"elementor-tab-title-2203\"><p>Vek\u00e2letname vermeye karar vermi\u015fseniz en yak\u0131n noterli\u011fe giderek avukat vek\u00e2letnamesi d\u00fczenletmeniz yeterli olacakt\u0131r. Bunun i\u00e7in avukat\u0131n\u0131z\u0131n yan\u0131n\u0131zda olmas\u0131 gerekmez. T.C. Kimlik Numaras\u0131 yaz\u0131l\u0131 kimli\u011finizle giderek tek ba\u015f\u0131n\u0131za vek\u00e2letname \u00e7\u0131karabilirsiniz. 2018 y\u0131l\u0131 ortalama vek\u00e2letname \u00fccreti 90 TL\u2019dir. Konuyla ilgili detayl\u0131 bilgiyi \u201cgenel yaz\u0131lar\u201d men\u00fcs\u00fcndeki \u201cvek\u00e2letname nedir, nas\u0131l verilir\u201d ba\u015fl\u0131kl\u0131 makalemizden edinebilirsiniz.<\/p><\/div>\n\t\t\t\t<\/div>\n\t\t\t\t\t\t\t<div class=\"elementor-accordion-item\">\n\t\t\t\t\t<div id=\"elementor-tab-title-2204\" class=\"elementor-tab-title\" data-tab=\"4\" role=\"button\" aria-controls=\"elementor-tab-content-2204\" aria-expanded=\"false\">\n\t\t\t\t\t\t\t\t\t\t\t\t\t<span class=\"elementor-accordion-icon elementor-accordion-icon-left\" aria-hidden=\"true\">\n\t\t\t\t\t\t\t\t\t\t\t\t\t\t\t<span class=\"elementor-accordion-icon-closed\"><i class=\"fas fa-plus\"><\/i><\/span>\n\t\t\t\t\t\t\t\t<span class=\"elementor-accordion-icon-opened\"><i class=\"fas fa-minus\"><\/i><\/span>\n\t\t\t\t\t\t\t\t\t\t\t\t\t\t<\/span>\n\t\t\t\t\t\t\t\t\t\t\t\t<a class=\"elementor-accordion-title\" tabindex=\"0\">4)\tBir avukat\u0131n bakamad\u0131\u011f\u0131 davalar var m\u0131d\u0131r? Hangi avukat hangi davalara bakabilir?<\/a>\n\t\t\t\t\t<\/div>\n\t\t\t\t\t<div id=\"elementor-tab-content-2204\" class=\"elementor-tab-content elementor-clearfix\" data-tab=\"4\" role=\"region\" aria-labelledby=\"elementor-tab-title-2204\"><p>\u00dclkemizde Anglo-Sakson sisteminin aksine bir konuya \u00f6zg\u00fcn olarak avukatl\u0131k yapmak \u015feklinde bir i\u015fleyi\u015f yoktur. Hukuk fak\u00fclteleri 4 y\u0131l boyunca temel olarak hukukun t\u00fcm ana dallar\u0131nda e\u011fitim vermek zorundad\u0131r. Yani bir avukat, hukuk fak\u00fcltesinde Ceza Hukukunun da \u0130\u015f Hukukunun da Ticaret Hukukunun da derslerini g\u00f6r\u00fcr. Bu sebeple bu alanlarda konjonkt\u00fcr bilgisine sahip olarak mezun olan avukatlar\u0131n bakamad\u0131\u011f\u0131 t\u00fcrde bir dava s\u00f6z konusu de\u011fildir.<\/p><p>Ancak bir avukat kariyerinde ilerlemek i\u00e7in belirli bir alan se\u00e7ip sadece o alanda i\u015f almaya karar verebilir. Yine de bu durum o avukat\u0131n farkl\u0131 t\u00fcrden davalara bakmayaca\u011f\u0131 anlam\u0131na gelmez. Nitekim g\u00fcncel e\u011filim, birka\u00e7 farkl\u0131 uzmanl\u0131k alan\u0131 belirleyip kalan alanlarla da ba\u011flant\u0131y\u0131 koparmadan ilerlemek \u00fczerinedir.<\/p><\/div>\n\t\t\t\t<\/div>\n\t\t\t\t\t\t\t<div class=\"elementor-accordion-item\">\n\t\t\t\t\t<div id=\"elementor-tab-title-2205\" class=\"elementor-tab-title\" data-tab=\"5\" role=\"button\" aria-controls=\"elementor-tab-content-2205\" aria-expanded=\"false\">\n\t\t\t\t\t\t\t\t\t\t\t\t\t<span class=\"elementor-accordion-icon elementor-accordion-icon-left\" aria-hidden=\"true\">\n\t\t\t\t\t\t\t\t\t\t\t\t\t\t\t<span class=\"elementor-accordion-icon-closed\"><i class=\"fas fa-plus\"><\/i><\/span>\n\t\t\t\t\t\t\t\t<span class=\"elementor-accordion-icon-opened\"><i class=\"fas fa-minus\"><\/i><\/span>\n\t\t\t\t\t\t\t\t\t\t\t\t\t\t<\/span>\n\t\t\t\t\t\t\t\t\t\t\t\t<a class=\"elementor-accordion-title\" tabindex=\"0\">Devletin ki\u015fiye avukat atamas\u0131 \u015feklinde bir durum var m\u0131d\u0131r? \u00d6yleyse neden \u00f6zel avukata ba\u015fvurmal\u0131y\u0131m?<\/a>\n\t\t\t\t\t<\/div>\n\t\t\t\t\t<div id=\"elementor-tab-content-2205\" class=\"elementor-tab-content elementor-clearfix\" data-tab=\"5\" role=\"region\" aria-labelledby=\"elementor-tab-title-2205\"><p>Yaln\u0131zca alt s\u0131n\u0131r\u0131 5 y\u0131l ve \u00fczerinde olan bir su\u00e7tan dolay\u0131 san\u0131k konumundaysan\u0131z veya Kanun\u2019da s\u0131n\u0131rl\u0131 olarak say\u0131lm\u0131\u015f bir su\u00e7ta ma\u011fdursan\u0131z bulundu\u011funuz ilin barosu taraf\u0131ndan size bir avukat tahsis edilir. Bu avukatlar, Adalet Bakanl\u0131\u011f\u0131\u2019ndan dosya ba\u015f\u0131na ald\u0131klar\u0131 \u00e7ok c\u00fczi bir \u00fccret kar\u015f\u0131l\u0131\u011f\u0131nda davan\u0131zla ilgilenirler. Uygulamada genellikle yeni mezun avukatlar\u0131n ilk gelir kayna\u011f\u0131 olarak bu sisteme d\u00e2hil olmas\u0131 ve genelde al\u0131nan paran\u0131n emek ve mesaiyi kar\u015f\u0131lar d\u00fczeyde olmamas\u0131na binaen ciddi ma\u011fduriyetler ya\u015fanmas\u0131 s\u00f6z konusu olmaktad\u0131r.<\/p><p>Baro taraf\u0131ndan avukat atanan durumlarda dahi imk\u00e2n d\u00e2hilinde \u00f6zel bir avukata ba\u015fvurmak bu ciddi ma\u011fduriyetlerin \u00f6n\u00fcne ge\u00e7ebilecek, \u00e7ok daha \u00f6zenli ve olmas\u0131 gerekti\u011fi \u015fekilde bir yarg\u0131lama s\u00fcreci y\u00fcr\u00fct\u00fclecektir.<\/p><p>Yukar\u0131da bahsedilen ceza yarg\u0131lamas\u0131 durumu haricinde de \u00e7ok \u00f6zel birka\u00e7 istisna hari\u00e7 olmak \u00fczere (adli yard\u0131mdan yararlanma \u015fartlar\u0131na haiz olmak gibi) herhangi bir avukat atamas\u0131 yap\u0131lmas\u0131 s\u00f6z konusu de\u011fildir. \u0130\u015f davalar\u0131, t\u00fcketici davalar\u0131, aile hukukundan kaynaklanan davalar, tazminat davalar\u0131 ve bir\u00e7ok davada avukat\u0131n\u0131z\u0131 kendiniz tutmak zorundas\u0131n\u0131z.<\/p><\/div>\n\t\t\t\t<\/div>\n\t\t\t\t\t\t\t\t<\/div>\n\t\t\t\t\t\t<\/div>\n\t\t\t\t\t<\/div>\n\t\t<\/div>\n\t\t\t\t\t<\/div>\n\t\t<\/section>\n\t\t\t\t<\/div>\n\t\t","protected":false},"excerpt":{"rendered":"<p>1) Hangi i\u015flerimi bir avukat vas\u0131tas\u0131yla takip ettirmeliyim? Avukatlar, herhangi bir noterde d\u00fczenleyebilece\u011finiz bir vek\u00e2letname resmi makamlardaki hemen her i\u015finizi takip etme yetkisine sahiptirler. \u00dclkemizde en ufak bir resmi i\u015flemin [&hellip;]<\/p>\n","protected":false},"author":1,"featured_media":0,"parent":0,"menu_order":0,"comment_status":"closed","ping_status":"closed","template":"","meta":{"_acf_changed":false,"footnotes":""},"class_list":["post-1572","page","type-page","status-publish","hentry"],"acf":[],"yoast_head":"<!-- This site is optimized with the Yoast SEO plugin v27.0 - https:\/\/yoast.com\/product\/yoast-seo-wordpress\/ -->\n<title>SSS - AV. DO\u011eAN \u00d6ZKAN<\/title>\n<meta name=\"robots\" content=\"index, follow, max-snippet:-1, max-image-preview:large, max-video-preview:-1\" \/>\n<link rel=\"canonical\" href=\"https:\/\/drone.webboll.com\/index.php\/sss\/\" \/>\n<meta property=\"og:locale\" content=\"tr_TR\" \/>\n<meta property=\"og:type\" content=\"article\" \/>\n<meta property=\"og:title\" content=\"SSS - AV. DO\u011eAN \u00d6ZKAN\" \/>\n<meta property=\"og:description\" content=\"1) Hangi i\u015flerimi bir avukat vas\u0131tas\u0131yla takip ettirmeliyim? Avukatlar, herhangi bir noterde d\u00fczenleyebilece\u011finiz bir vek\u00e2letname resmi makamlardaki hemen her i\u015finizi takip etme yetkisine sahiptirler. \u00dclkemizde en ufak bir resmi i\u015flemin [&hellip;]\" \/>\n<meta property=\"og:url\" content=\"https:\/\/drone.webboll.com\/index.php\/sss\/\" \/>\n<meta property=\"og:site_name\" content=\"AV. DO\u011eAN \u00d6ZKAN\" \/>\n<meta property=\"article:modified_time\" content=\"2026-02-18T19:26:39+00:00\" \/>\n<meta name=\"twitter:card\" content=\"summary_large_image\" \/>\n<meta name=\"twitter:label1\" content=\"Tahmini okuma s\u00fcresi\" \/>\n\t<meta name=\"twitter:data1\" content=\"4 dakika\" \/>\n<script type=\"application\/ld+json\" class=\"yoast-schema-graph\">{\"@context\":\"https:\/\/schema.org\",\"@graph\":[{\"@type\":\"WebPage\",\"@id\":\"https:\/\/drone.webboll.com\/index.php\/sss\/\",\"url\":\"https:\/\/drone.webboll.com\/index.php\/sss\/\",\"name\":\"SSS - AV. DO\u011eAN \u00d6ZKAN\",\"isPartOf\":{\"@id\":\"https:\/\/drone.webboll.com\/#website\"},\"datePublished\":\"2026-02-17T19:56:43+00:00\",\"dateModified\":\"2026-02-18T19:26:39+00:00\",\"breadcrumb\":{\"@id\":\"https:\/\/drone.webboll.com\/index.php\/sss\/#breadcrumb\"},\"inLanguage\":\"tr\",\"potentialAction\":[{\"@type\":\"ReadAction\",\"target\":[\"https:\/\/drone.webboll.com\/index.php\/sss\/\"]}]},{\"@type\":\"BreadcrumbList\",\"@id\":\"https:\/\/drone.webboll.com\/index.php\/sss\/#breadcrumb\",\"itemListElement\":[{\"@type\":\"ListItem\",\"position\":1,\"name\":\"Anasayfa\",\"item\":\"https:\/\/drone.webboll.com\/\"},{\"@type\":\"ListItem\",\"position\":2,\"name\":\"SSS\"}]},{\"@type\":\"WebSite\",\"@id\":\"https:\/\/drone.webboll.com\/#website\",\"url\":\"https:\/\/drone.webboll.com\/\",\"name\":\"AV. DO\u011eAN \u00d6ZKAN\",\"description\":\"\",\"potentialAction\":[{\"@type\":\"SearchAction\",\"target\":{\"@type\":\"EntryPoint\",\"urlTemplate\":\"https:\/\/drone.webboll.com\/?s={search_term_string}\"},\"query-input\":{\"@type\":\"PropertyValueSpecification\",\"valueRequired\":true,\"valueName\":\"search_term_string\"}}],\"inLanguage\":\"tr\"}]}<\/script>\n<!-- \/ Yoast SEO plugin. -->","yoast_head_json":{"title":"SSS - AV. DO\u011eAN \u00d6ZKAN","robots":{"index":"index","follow":"follow","max-snippet":"max-snippet:-1","max-image-preview":"max-image-preview:large","max-video-preview":"max-video-preview:-1"},"canonical":"https:\/\/drone.webboll.com\/index.php\/sss\/","og_locale":"tr_TR","og_type":"article","og_title":"SSS - AV. DO\u011eAN \u00d6ZKAN","og_description":"1) Hangi i\u015flerimi bir avukat vas\u0131tas\u0131yla takip ettirmeliyim? Avukatlar, herhangi bir noterde d\u00fczenleyebilece\u011finiz bir vek\u00e2letname resmi makamlardaki hemen her i\u015finizi takip etme yetkisine sahiptirler. \u00dclkemizde en ufak bir resmi i\u015flemin [&hellip;]","og_url":"https:\/\/drone.webboll.com\/index.php\/sss\/","og_site_name":"AV. DO\u011eAN \u00d6ZKAN","article_modified_time":"2026-02-18T19:26:39+00:00","twitter_card":"summary_large_image","twitter_misc":{"Tahmini okuma s\u00fcresi":"4 dakika"},"schema":{"@context":"https:\/\/schema.org","@graph":[{"@type":"WebPage","@id":"https:\/\/drone.webboll.com\/index.php\/sss\/","url":"https:\/\/drone.webboll.com\/index.php\/sss\/","name":"SSS - AV. DO\u011eAN \u00d6ZKAN","isPartOf":{"@id":"https:\/\/drone.webboll.com\/#website"},"datePublished":"2026-02-17T19:56:43+00:00","dateModified":"2026-02-18T19:26:39+00:00","breadcrumb":{"@id":"https:\/\/drone.webboll.com\/index.php\/sss\/#breadcrumb"},"inLanguage":"tr","potentialAction":[{"@type":"ReadAction","target":["https:\/\/drone.webboll.com\/index.php\/sss\/"]}]},{"@type":"BreadcrumbList","@id":"https:\/\/drone.webboll.com\/index.php\/sss\/#breadcrumb","itemListElement":[{"@type":"ListItem","position":1,"name":"Anasayfa","item":"https:\/\/drone.webboll.com\/"},{"@type":"ListItem","position":2,"name":"SSS"}]},{"@type":"WebSite","@id":"https:\/\/drone.webboll.com\/#website","url":"https:\/\/drone.webboll.com\/","name":"AV. DO\u011eAN \u00d6ZKAN","description":"","potentialAction":[{"@type":"SearchAction","target":{"@type":"EntryPoint","urlTemplate":"https:\/\/drone.webboll.com\/?s={search_term_string}"},"query-input":{"@type":"PropertyValueSpecification","valueRequired":true,"valueName":"search_term_string"}}],"inLanguage":"tr"}]}},"_links":{"self":[{"href":"https:\/\/drone.webboll.com\/index.php\/wp-json\/wp\/v2\/pages\/1572","targetHints":{"allow":["GET"]}}],"collection":[{"href":"https:\/\/drone.webboll.com\/index.php\/wp-json\/wp\/v2\/pages"}],"about":[{"href":"https:\/\/drone.webboll.com\/index.php\/wp-json\/wp\/v2\/types\/page"}],"author":[{"embeddable":true,"href":"https:\/\/drone.webboll.com\/index.php\/wp-json\/wp\/v2\/users\/1"}],"replies":[{"embeddable":true,"href":"https:\/\/drone.webboll.com\/index.php\/wp-json\/wp\/v2\/comments?post=1572"}],"version-history":[{"count":7,"href":"https:\/\/drone.webboll.com\/index.php\/wp-json\/wp\/v2\/pages\/1572\/revisions"}],"predecessor-version":[{"id":1829,"href":"https:\/\/drone.webboll.com\/index.php\/wp-json\/wp\/v2\/pages\/1572\/revisions\/1829"}],"wp:attachment":[{"href":"https:\/\/drone.webboll.com\/index.php\/wp-json\/wp\/v2\/media?parent=1572"}],"curies":[{"name":"wp","href":"https:\/\/api.w.org\/{rel}","templated":true}]}}