{"id":2349,"date":"2026-02-21T17:36:19","date_gmt":"2026-02-21T17:36:19","guid":{"rendered":"https:\/\/avukatsitesiwp.webboll.com\/?page_id=2349"},"modified":"2026-02-21T17:36:20","modified_gmt":"2026-02-21T17:36:20","slug":"ceza-hukuku","status":"publish","type":"page","link":"https:\/\/drone.webboll.com\/index.php\/calisma-alanlarimiz\/ceza-hukuku\/","title":{"rendered":"Ceza Hukuku"},"content":{"rendered":"\t\t<div data-elementor-type=\"wp-page\" data-elementor-id=\"2349\" class=\"elementor elementor-2349\">\n\t\t\t\t\t\t<section class=\"elementor-section elementor-top-section elementor-element elementor-element-8971d41 elementor-section-boxed elementor-section-height-default elementor-section-height-default\" data-id=\"8971d41\" data-element_type=\"section\" data-e-type=\"section\">\n\t\t\t\t\t\t<div class=\"elementor-container elementor-column-gap-default\">\n\t\t\t\t\t<div class=\"elementor-column elementor-col-100 elementor-top-column elementor-element elementor-element-1078966\" data-id=\"1078966\" data-element_type=\"column\" data-e-type=\"column\">\n\t\t\t<div class=\"elementor-widget-wrap elementor-element-populated\">\n\t\t\t\t\t\t<div class=\"elementor-element elementor-element-330d506 elementor-widget elementor-widget-gva-gallery\" data-id=\"330d506\" data-element_type=\"widget\" data-e-type=\"widget\" data-widget_type=\"gva-gallery.default\">\n\t\t\t\t<div class=\"elementor-widget-container\">\n\t\t\t\t\t<div class=\"gva-element-gva-gallery gva-element\">\r\n<div class=\"gva-gallery-carousel swiper-slider-wrapper style-1 \">\r\n\t<div class=\"swiper-content-inner\">\r\n   \t<div class=\"init-carousel-swiper swiper\" data-carousel=\"{&quot;items&quot;:1,&quot;items_lg&quot;:1,&quot;items_md&quot;:1,&quot;items_sm&quot;:1,&quot;items_xs&quot;:1,&quot;items_xx&quot;:1,&quot;effect&quot;:&quot;slide&quot;,&quot;space_between&quot;:30,&quot;loop&quot;:1,&quot;speed&quot;:600,&quot;autoplay&quot;:1,&quot;autoplay_delay&quot;:4500,&quot;autoplay_hover&quot;:1,&quot;navigation&quot;:1,&quot;pagination&quot;:0,&quot;dynamic_bullets&quot;:0,&quot;pagination_type&quot;:&quot;bullets&quot;}\">\r\n      \t<div class=\"swiper-wrapper\">\r\n\t\t\t\t<div class=\"swiper-slide item\">\r\n<div class=\"gallery-item style-1\">\r\n\r\n               <div class=\"image\">\r\n            <img decoding=\"async\" src=\"https:\/\/drone.webboll.com\/wp-content\/uploads\/2022\/03\/img-service-1.jpg\" alt=\"VR Ears Software\" \/>  \r\n         <\/div>\r\n         <a class=\"photo-gallery\" href=\"https:\/\/gaviaspreview.com\/wp\/webbollwp1\/wp-content\/uploads\/2022\/03\/img-service-1.jpg\" data-elementor-lightbox-slideshow=\"gallery-2s1y\"><\/a>\r\n      \r\n      <div class=\"image-content\">\r\n         <div class=\"content-inner\">\r\n                           <h3 class=\"title\">VR Ears Software<\/h3>\r\n                                       <div class=\"sub-title\">Technology<\/div>\r\n                     <\/div>   \r\n      <\/div>\r\n\r\n   <\/div>\r\n<\/div><div class=\"swiper-slide item\">\r\n<div class=\"gallery-item style-1\">\r\n\r\n               <div class=\"image\">\r\n            <img decoding=\"async\" src=\"https:\/\/drone.webboll.com\/wp-content\/uploads\/2022\/03\/img-service-2.jpg\" alt=\"Smart Audio\" \/>  \r\n         <\/div>\r\n         <a class=\"photo-gallery\" href=\"https:\/\/gaviaspreview.com\/wp\/webbollwp1\/wp-content\/uploads\/2022\/03\/img-service-2.jpg\" data-elementor-lightbox-slideshow=\"gallery-2s1y\"><\/a>\r\n      \r\n      <div class=\"image-content\">\r\n         <div class=\"content-inner\">\r\n                           <h3 class=\"title\">Smart Audio<\/h3>\r\n                                       <div class=\"sub-title\">Videos<\/div>\r\n                     <\/div>   \r\n      <\/div>\r\n\r\n   <\/div>\r\n<\/div><div class=\"swiper-slide item\">\r\n<div class=\"gallery-item style-1\">\r\n\r\n               <div class=\"image\">\r\n            <img decoding=\"async\" src=\"https:\/\/drone.webboll.com\/wp-content\/uploads\/2022\/03\/img-service-3.jpg\" alt=\"Game Studio\" \/>  \r\n         <\/div>\r\n         <a class=\"photo-gallery\" href=\"https:\/\/gaviaspreview.com\/wp\/webbollwp1\/wp-content\/uploads\/2022\/03\/img-service-3.jpg\" data-elementor-lightbox-slideshow=\"gallery-2s1y\"><\/a>\r\n      \r\n      <div class=\"image-content\">\r\n         <div class=\"content-inner\">\r\n                           <h3 class=\"title\">Game Studio<\/h3>\r\n                                       <div class=\"sub-title\">Game<\/div>\r\n                     <\/div>   \r\n      <\/div>\r\n\r\n   <\/div>\r\n<\/div>\t\t\t<\/div>\r\n\t\t<\/div>\r\n\t<\/div>\r\n\t<div class=\"swiper-pagination\"><\/div>   <div class=\"swiper-nav-next\"><\/div><div class=\"swiper-nav-prev\"><\/div><\/div>\r\n<\/div>\t\t\t\t<\/div>\n\t\t\t\t<\/div>\n\t\t\t\t<div class=\"elementor-element elementor-element-e0e109b elementor-widget elementor-widget-heading\" data-id=\"e0e109b\" data-element_type=\"widget\" data-e-type=\"widget\" data-widget_type=\"heading.default\">\n\t\t\t\t\t<h3 class=\"elementor-heading-title elementor-size-default\">Ticaret ve \u015eirketler Hukuku<\/h3>\t\t\t\t<\/div>\n\t\t\t\t<div class=\"elementor-element elementor-element-ead44d8 elementor-widget elementor-widget-text-editor\" data-id=\"ead44d8\" data-element_type=\"widget\" data-e-type=\"widget\" data-widget_type=\"text-editor.default\">\n\t\t\t\t\t\t\t\t\t<p>\u015eirket kurulu\u015f s\u00fcre\u00e7lerinin planlanmas\u0131, ana s\u00f6zle\u015fmenin mevzuata uygun \u015fekilde haz\u0131rlanmas\u0131 ve tescil i\u015flemlerinin y\u00fcr\u00fct\u00fclmesinden; genel kurul toplant\u0131lar\u0131n\u0131n d\u00fczenlenmesi, y\u00f6netim kurulu kararlar\u0131n\u0131n olu\u015fturulmas\u0131 ve \u015firket i\u00e7i kurumsal yap\u0131n\u0131n sa\u011fl\u0131kl\u0131 \u015fekilde i\u015fletilmesine kadar uzanan t\u00fcm kurumsal s\u00fcre\u00e7lerde hukuki dan\u0131\u015fmanl\u0131k sunmaktay\u0131z. Bunun yan\u0131 s\u0131ra, ticari faaliyetlerden do\u011fan her t\u00fcrl\u00fc uyu\u015fmazl\u0131\u011f\u0131n m\u00fczakere yoluyla \u00e7\u00f6z\u00fcm\u00fc, arabuluculuk ve dava s\u00fcre\u00e7lerinin takibi ile \u015firketler aras\u0131 s\u00f6zle\u015fmelerin haz\u0131rlanmas\u0131, incelenmesi ve risk analizi yap\u0131lmas\u0131 gibi kapsaml\u0131 ticari s\u00f6zle\u015fme dan\u0131\u015fmanl\u0131\u011f\u0131 hizmetleri vermekteyiz. Bu \u00e7er\u00e7evede, \u015firketlerin hem kurulu\u015f a\u015famas\u0131nda hem de faaliyetlerini s\u00fcrd\u00fcr\u00fcrken kar\u015f\u0131la\u015fabilecekleri t\u00fcm hukuki ihtiya\u00e7lara b\u00fct\u00fcnc\u00fcl ve g\u00fcvenilir \u00e7\u00f6z\u00fcmler \u00fcretmekteyiz.<\/p>\t\t\t\t\t\t\t\t<\/div>\n\t\t\t\t<section class=\"elementor-section elementor-inner-section elementor-element elementor-element-ffd405e elementor-section-boxed elementor-section-height-default elementor-section-height-default\" data-id=\"ffd405e\" data-element_type=\"section\" data-e-type=\"section\">\n\t\t\t\t\t\t<div class=\"elementor-container elementor-column-gap-default\">\n\t\t\t\t\t<div class=\"elementor-column elementor-col-50 elementor-inner-column elementor-element elementor-element-2d949fd\" data-id=\"2d949fd\" data-element_type=\"column\" data-e-type=\"column\">\n\t\t\t<div class=\"elementor-widget-wrap elementor-element-populated\">\n\t\t\t\t\t\t<div class=\"elementor-element elementor-element-82c9ea9 elementor-widget elementor-widget-heading\" data-id=\"82c9ea9\" data-element_type=\"widget\" data-e-type=\"widget\" data-widget_type=\"heading.default\">\n\t\t\t\t\t<h3 class=\"elementor-heading-title elementor-size-default\">Uyu\u015fmazl\u0131k Ba\u015fl\u0131klar\u0131<\/h3>\t\t\t\t<\/div>\n\t\t\t\t<div class=\"elementor-element elementor-element-99eddb8 elementor-widget elementor-widget-text-editor\" data-id=\"99eddb8\" data-element_type=\"widget\" data-e-type=\"widget\" data-widget_type=\"text-editor.default\">\n\t\t\t\t\t\t\t\t\t<p>S\u0131kl\u0131kla kar\u015f\u0131la\u015f\u0131lan problemler<\/p>\t\t\t\t\t\t\t\t<\/div>\n\t\t\t\t<div class=\"elementor-element elementor-element-91a2670 elementor-icon-list--layout-traditional elementor-list-item-link-full_width elementor-widget elementor-widget-icon-list\" data-id=\"91a2670\" data-element_type=\"widget\" data-e-type=\"widget\" data-widget_type=\"icon-list.default\">\n\t\t\t\t\t\t\t<ul class=\"elementor-icon-list-items\">\n\t\t\t\t\t\t\t<li class=\"elementor-icon-list-item\">\n\t\t\t\t\t\t\t\t\t\t\t<span class=\"elementor-icon-list-icon\">\n\t\t\t\t\t\t\t<i aria-hidden=\"true\" class=\"far fa-check-circle\"><\/i>\t\t\t\t\t\t<\/span>\n\t\t\t\t\t\t\t\t\t\t<span class=\"elementor-icon-list-text\">Ortaklar Aras\u0131 Uyu\u015fmazl\u0131klar ve Hissedar Haklar\u0131n\u0131n \u0130hlali<\/span>\n\t\t\t\t\t\t\t\t\t<\/li>\n\t\t\t\t\t\t\t\t<li class=\"elementor-icon-list-item\">\n\t\t\t\t\t\t\t\t\t\t\t<span class=\"elementor-icon-list-icon\">\n\t\t\t\t\t\t\t<i aria-hidden=\"true\" class=\"far fa-check-circle\"><\/i>\t\t\t\t\t\t<\/span>\n\t\t\t\t\t\t\t\t\t\t<span class=\"elementor-icon-list-text\">Ge\u00e7ersiz veya Eksik Haz\u0131rlanm\u0131\u015f Ana S\u00f6zle\u015fmeden Kaynaklanan Sorunlar<\/span>\n\t\t\t\t\t\t\t\t\t<\/li>\n\t\t\t\t\t\t\t\t<li class=\"elementor-icon-list-item\">\n\t\t\t\t\t\t\t\t\t\t\t<span class=\"elementor-icon-list-icon\">\n\t\t\t\t\t\t\t<i aria-hidden=\"true\" class=\"far fa-check-circle\"><\/i>\t\t\t\t\t\t<\/span>\n\t\t\t\t\t\t\t\t\t\t<span class=\"elementor-icon-list-text\">Y\u00f6netim Kurulu Kararlar\u0131n\u0131n Usuls\u00fczl\u00fc\u011f\u00fc ve Sorumluluk Davalar\u0131<\/span>\n\t\t\t\t\t\t\t\t\t<\/li>\n\t\t\t\t\t\t\t\t<li class=\"elementor-icon-list-item\">\n\t\t\t\t\t\t\t\t\t\t\t<span class=\"elementor-icon-list-icon\">\n\t\t\t\t\t\t\t<i aria-hidden=\"true\" class=\"far fa-check-circle\"><\/i>\t\t\t\t\t\t<\/span>\n\t\t\t\t\t\t\t\t\t\t<span class=\"elementor-icon-list-text\">Ticari S\u00f6zle\u015fmelerde Uyu\u015fmazl\u0131klar ve S\u00f6zle\u015fmeye Ayk\u0131r\u0131l\u0131k<\/span>\n\t\t\t\t\t\t\t\t\t<\/li>\n\t\t\t\t\t\t\t\t<li class=\"elementor-icon-list-item\">\n\t\t\t\t\t\t\t\t\t\t\t<span class=\"elementor-icon-list-icon\">\n\t\t\t\t\t\t\t<i aria-hidden=\"true\" class=\"fas fa-check\"><\/i>\t\t\t\t\t\t<\/span>\n\t\t\t\t\t\t\t\t\t\t<span class=\"elementor-icon-list-text\">Ticari Uyu\u015fmazl\u0131klar\u0131n \u00c7\u00f6z\u00fcm\u00fcnde Tahkim\/Arabuluculuk S\u00fcre\u00e7lerinde Ya\u015fanan Aksakl\u0131klar<\/span>\n\t\t\t\t\t\t\t\t\t<\/li>\n\t\t\t\t\t\t<\/ul>\n\t\t\t\t\t\t<\/div>\n\t\t\t\t\t<\/div>\n\t\t<\/div>\n\t\t\t\t<div class=\"elementor-column elementor-col-50 elementor-inner-column elementor-element elementor-element-df1277a\" data-id=\"df1277a\" data-element_type=\"column\" data-e-type=\"column\">\n\t\t\t<div class=\"elementor-widget-wrap elementor-element-populated\">\n\t\t\t\t\t\t<div class=\"elementor-element elementor-element-93cc737 elementor-widget elementor-widget-image\" data-id=\"93cc737\" data-element_type=\"widget\" data-e-type=\"widget\" data-widget_type=\"image.default\">\n\t\t\t\t\t\t\t\t\t\t\t\t\t\t\t<img decoding=\"async\" src=\"https:\/\/drone.webboll.com\/wp-content\/uploads\/2021\/10\/image-11.jpg\" class=\"attachment-full size-full wp-image-1211\" alt=\"\" \/>\t\t\t\t\t\t\t\t\t\t\t\t\t\t\t<\/div>\n\t\t\t\t\t<\/div>\n\t\t<\/div>\n\t\t\t\t\t<\/div>\n\t\t<\/section>\n\t\t\t\t<div class=\"elementor-element elementor-element-ebb0cd9 elementor-widget elementor-widget-accordion\" data-id=\"ebb0cd9\" data-element_type=\"widget\" data-e-type=\"widget\" data-widget_type=\"accordion.default\">\n\t\t\t\t\t\t\t<div class=\"elementor-accordion\">\n\t\t\t\t\t\t\t<div class=\"elementor-accordion-item\">\n\t\t\t\t\t<div id=\"elementor-tab-title-2471\" class=\"elementor-tab-title\" data-tab=\"1\" role=\"button\" aria-controls=\"elementor-tab-content-2471\" aria-expanded=\"false\">\n\t\t\t\t\t\t\t\t\t\t\t\t\t<span class=\"elementor-accordion-icon elementor-accordion-icon-right\" aria-hidden=\"true\">\n\t\t\t\t\t\t\t\t\t\t\t\t\t\t\t<span class=\"elementor-accordion-icon-closed\"><i class=\"fas fa-angle-up\"><\/i><\/span>\n\t\t\t\t\t\t\t\t<span class=\"elementor-accordion-icon-opened\"><i class=\"fas fa-angle-down\"><\/i><\/span>\n\t\t\t\t\t\t\t\t\t\t\t\t\t\t<\/span>\n\t\t\t\t\t\t\t\t\t\t\t\t<a class=\"elementor-accordion-title\" tabindex=\"0\">\u015eirket ana s\u00f6zle\u015fmesini haz\u0131rlarken nelere dikkat edilmelidir?<\/a>\n\t\t\t\t\t<\/div>\n\t\t\t\t\t<div id=\"elementor-tab-content-2471\" class=\"elementor-tab-content elementor-clearfix\" data-tab=\"1\" role=\"region\" aria-labelledby=\"elementor-tab-title-2471\"><p>Ana s\u00f6zle\u015fme, \u015firketin faaliyet alan\u0131n\u0131, y\u00f6netim yap\u0131s\u0131n\u0131 ve ortaklar\u0131n haklar\u0131n\u0131 a\u00e7\u0131k\u00e7a d\u00fczenleyecek \u015fekilde eksiksiz ve mevzuata uygun haz\u0131rlanmal\u0131d\u0131r.<\/p><\/div>\n\t\t\t\t<\/div>\n\t\t\t\t\t\t\t<div class=\"elementor-accordion-item\">\n\t\t\t\t\t<div id=\"elementor-tab-title-2472\" class=\"elementor-tab-title\" data-tab=\"2\" role=\"button\" aria-controls=\"elementor-tab-content-2472\" aria-expanded=\"false\">\n\t\t\t\t\t\t\t\t\t\t\t\t\t<span class=\"elementor-accordion-icon elementor-accordion-icon-right\" aria-hidden=\"true\">\n\t\t\t\t\t\t\t\t\t\t\t\t\t\t\t<span class=\"elementor-accordion-icon-closed\"><i class=\"fas fa-angle-up\"><\/i><\/span>\n\t\t\t\t\t\t\t\t<span class=\"elementor-accordion-icon-opened\"><i class=\"fas fa-angle-down\"><\/i><\/span>\n\t\t\t\t\t\t\t\t\t\t\t\t\t\t<\/span>\n\t\t\t\t\t\t\t\t\t\t\t\t<a class=\"elementor-accordion-title\" tabindex=\"0\">Genel kurul kararlar\u0131na itiraz hangi durumlarda m\u00fcmk\u00fcnd\u00fcr?<\/a>\n\t\t\t\t\t<\/div>\n\t\t\t\t\t<div id=\"elementor-tab-content-2472\" class=\"elementor-tab-content elementor-clearfix\" data-tab=\"2\" role=\"region\" aria-labelledby=\"elementor-tab-title-2472\"><p>Usule ayk\u0131r\u0131 al\u0131nan, e\u015fitlik ilkesini ihlal eden veya ortaklar\u0131n haklar\u0131na zarar veren genel kurul kararlar\u0131na mahkeme arac\u0131l\u0131\u011f\u0131yla itiraz edilebilir.<\/p><\/div>\n\t\t\t\t<\/div>\n\t\t\t\t\t\t\t<div class=\"elementor-accordion-item\">\n\t\t\t\t\t<div id=\"elementor-tab-title-2473\" class=\"elementor-tab-title\" data-tab=\"3\" role=\"button\" aria-controls=\"elementor-tab-content-2473\" aria-expanded=\"false\">\n\t\t\t\t\t\t\t\t\t\t\t\t\t<span class=\"elementor-accordion-icon elementor-accordion-icon-right\" aria-hidden=\"true\">\n\t\t\t\t\t\t\t\t\t\t\t\t\t\t\t<span class=\"elementor-accordion-icon-closed\"><i class=\"fas fa-angle-up\"><\/i><\/span>\n\t\t\t\t\t\t\t\t<span class=\"elementor-accordion-icon-opened\"><i class=\"fas fa-angle-down\"><\/i><\/span>\n\t\t\t\t\t\t\t\t\t\t\t\t\t\t<\/span>\n\t\t\t\t\t\t\t\t\t\t\t\t<a class=\"elementor-accordion-title\" tabindex=\"0\">Y\u00f6netim kurulu \u00fcyeleri hangi hallerde hukuki sorumluluk ta\u015f\u0131r?<\/a>\n\t\t\t\t\t<\/div>\n\t\t\t\t\t<div id=\"elementor-tab-content-2473\" class=\"elementor-tab-content elementor-clearfix\" data-tab=\"3\" role=\"region\" aria-labelledby=\"elementor-tab-title-2473\"><p>Y\u00f6netim kurulu \u00fcyeleri, g\u00f6revlerini \u00f6zenle yerine getirmediklerinde veya \u015firketi zarara u\u011fratacak kusurlu i\u015flemler yapt\u0131klar\u0131nda hukuki sorumluluk alt\u0131na girer.<\/p><\/div>\n\t\t\t\t<\/div>\n\t\t\t\t\t\t\t<div class=\"elementor-accordion-item\">\n\t\t\t\t\t<div id=\"elementor-tab-title-2474\" class=\"elementor-tab-title\" data-tab=\"4\" role=\"button\" aria-controls=\"elementor-tab-content-2474\" aria-expanded=\"false\">\n\t\t\t\t\t\t\t\t\t\t\t\t\t<span class=\"elementor-accordion-icon elementor-accordion-icon-right\" aria-hidden=\"true\">\n\t\t\t\t\t\t\t\t\t\t\t\t\t\t\t<span class=\"elementor-accordion-icon-closed\"><i class=\"fas fa-angle-up\"><\/i><\/span>\n\t\t\t\t\t\t\t\t<span class=\"elementor-accordion-icon-opened\"><i class=\"fas fa-angle-down\"><\/i><\/span>\n\t\t\t\t\t\t\t\t\t\t\t\t\t\t<\/span>\n\t\t\t\t\t\t\t\t\t\t\t\t<a class=\"elementor-accordion-title\" tabindex=\"0\">Ticari s\u00f6zle\u015fmelerde uyu\u015fmazl\u0131k \u00e7\u0131kt\u0131\u011f\u0131nda nas\u0131l bir yol izlenir?<\/a>\n\t\t\t\t\t<\/div>\n\t\t\t\t\t<div id=\"elementor-tab-content-2474\" class=\"elementor-tab-content elementor-clearfix\" data-tab=\"4\" role=\"region\" aria-labelledby=\"elementor-tab-title-2474\"><p>Taraflar \u00f6ncelikle m\u00fczakere veya arabuluculuk yoluyla \u00e7\u00f6z\u00fcm arar; sonu\u00e7 al\u0131namazsa s\u00f6zle\u015fme h\u00fck\u00fcmleri ve kanun \u00e7er\u00e7evesinde dava veya tahkim yoluna ba\u015fvurulur.<\/p><\/div>\n\t\t\t\t<\/div>\n\t\t\t\t\t\t\t\t<\/div>\n\t\t\t\t\t\t<\/div>\n\t\t\t\t\t<\/div>\n\t\t<\/div>\n\t\t\t\t\t<\/div>\n\t\t<\/section>\n\t\t\t\t<\/div>\n\t\t","protected":false},"excerpt":{"rendered":"<p>VR Ears Software Technology Smart Audio Videos Game Studio Game Ticaret ve \u015eirketler Hukuku \u015eirket kurulu\u015f s\u00fcre\u00e7lerinin planlanmas\u0131, ana s\u00f6zle\u015fmenin mevzuata uygun \u015fekilde haz\u0131rlanmas\u0131 ve tescil i\u015flemlerinin y\u00fcr\u00fct\u00fclmesinden; genel kurul [&hellip;]<\/p>\n","protected":false},"author":1,"featured_media":0,"parent":2322,"menu_order":0,"comment_status":"closed","ping_status":"closed","template":"","meta":{"_acf_changed":false,"footnotes":""},"class_list":["post-2349","page","type-page","status-publish","hentry"],"acf":[],"yoast_head":"<!-- This site is optimized with the Yoast SEO plugin v27.0 - https:\/\/yoast.com\/product\/yoast-seo-wordpress\/ -->\n<title>Ceza Hukuku - AV. DO\u011eAN \u00d6ZKAN<\/title>\n<meta name=\"robots\" content=\"index, follow, max-snippet:-1, max-image-preview:large, max-video-preview:-1\" \/>\n<link rel=\"canonical\" href=\"https:\/\/drone.webboll.com\/index.php\/calisma-alanlarimiz\/ceza-hukuku\/\" \/>\n<meta property=\"og:locale\" content=\"tr_TR\" \/>\n<meta property=\"og:type\" content=\"article\" \/>\n<meta property=\"og:title\" content=\"Ceza Hukuku - AV. DO\u011eAN \u00d6ZKAN\" \/>\n<meta property=\"og:description\" content=\"VR Ears Software Technology Smart Audio Videos Game Studio Game Ticaret ve \u015eirketler Hukuku \u015eirket kurulu\u015f s\u00fcre\u00e7lerinin planlanmas\u0131, ana s\u00f6zle\u015fmenin mevzuata uygun \u015fekilde haz\u0131rlanmas\u0131 ve tescil i\u015flemlerinin y\u00fcr\u00fct\u00fclmesinden; genel kurul [&hellip;]\" \/>\n<meta property=\"og:url\" content=\"https:\/\/drone.webboll.com\/index.php\/calisma-alanlarimiz\/ceza-hukuku\/\" \/>\n<meta property=\"og:site_name\" content=\"AV. DO\u011eAN \u00d6ZKAN\" \/>\n<meta property=\"article:modified_time\" content=\"2026-02-21T17:36:20+00:00\" \/>\n<meta property=\"og:image\" content=\"https:\/\/avukatsitesiwp.webboll.com\/wp-content\/uploads\/2022\/03\/img-service-1.jpg\" \/>\n<meta name=\"twitter:card\" content=\"summary_large_image\" \/>\n<meta name=\"twitter:label1\" content=\"Tahmini okuma s\u00fcresi\" \/>\n\t<meta name=\"twitter:data1\" content=\"3 dakika\" \/>\n<script type=\"application\/ld+json\" class=\"yoast-schema-graph\">{\"@context\":\"https:\/\/schema.org\",\"@graph\":[{\"@type\":\"WebPage\",\"@id\":\"https:\/\/drone.webboll.com\/index.php\/calisma-alanlarimiz\/ceza-hukuku\/\",\"url\":\"https:\/\/drone.webboll.com\/index.php\/calisma-alanlarimiz\/ceza-hukuku\/\",\"name\":\"Ceza Hukuku - AV. DO\u011eAN \u00d6ZKAN\",\"isPartOf\":{\"@id\":\"https:\/\/drone.webboll.com\/#website\"},\"primaryImageOfPage\":{\"@id\":\"https:\/\/drone.webboll.com\/index.php\/calisma-alanlarimiz\/ceza-hukuku\/#primaryimage\"},\"image\":{\"@id\":\"https:\/\/drone.webboll.com\/index.php\/calisma-alanlarimiz\/ceza-hukuku\/#primaryimage\"},\"thumbnailUrl\":\"https:\/\/avukatsitesiwp.webboll.com\/wp-content\/uploads\/2022\/03\/img-service-1.jpg\",\"datePublished\":\"2026-02-21T17:36:19+00:00\",\"dateModified\":\"2026-02-21T17:36:20+00:00\",\"breadcrumb\":{\"@id\":\"https:\/\/drone.webboll.com\/index.php\/calisma-alanlarimiz\/ceza-hukuku\/#breadcrumb\"},\"inLanguage\":\"tr\",\"potentialAction\":[{\"@type\":\"ReadAction\",\"target\":[\"https:\/\/drone.webboll.com\/index.php\/calisma-alanlarimiz\/ceza-hukuku\/\"]}]},{\"@type\":\"ImageObject\",\"inLanguage\":\"tr\",\"@id\":\"https:\/\/drone.webboll.com\/index.php\/calisma-alanlarimiz\/ceza-hukuku\/#primaryimage\",\"url\":\"https:\/\/avukatsitesiwp.webboll.com\/wp-content\/uploads\/2022\/03\/img-service-1.jpg\",\"contentUrl\":\"https:\/\/avukatsitesiwp.webboll.com\/wp-content\/uploads\/2022\/03\/img-service-1.jpg\"},{\"@type\":\"BreadcrumbList\",\"@id\":\"https:\/\/drone.webboll.com\/index.php\/calisma-alanlarimiz\/ceza-hukuku\/#breadcrumb\",\"itemListElement\":[{\"@type\":\"ListItem\",\"position\":1,\"name\":\"Anasayfa\",\"item\":\"https:\/\/drone.webboll.com\/\"},{\"@type\":\"ListItem\",\"position\":2,\"name\":\"\u00c7al\u0131\u015fma Alanlar\u0131m\u0131z\",\"item\":\"https:\/\/drone.webboll.com\/index.php\/calisma-alanlarimiz\/\"},{\"@type\":\"ListItem\",\"position\":3,\"name\":\"Ceza Hukuku\"}]},{\"@type\":\"WebSite\",\"@id\":\"https:\/\/drone.webboll.com\/#website\",\"url\":\"https:\/\/drone.webboll.com\/\",\"name\":\"AV. DO\u011eAN \u00d6ZKAN\",\"description\":\"\",\"potentialAction\":[{\"@type\":\"SearchAction\",\"target\":{\"@type\":\"EntryPoint\",\"urlTemplate\":\"https:\/\/drone.webboll.com\/?s={search_term_string}\"},\"query-input\":{\"@type\":\"PropertyValueSpecification\",\"valueRequired\":true,\"valueName\":\"search_term_string\"}}],\"inLanguage\":\"tr\"}]}<\/script>\n<!-- \/ Yoast SEO plugin. -->","yoast_head_json":{"title":"Ceza Hukuku - AV. DO\u011eAN \u00d6ZKAN","robots":{"index":"index","follow":"follow","max-snippet":"max-snippet:-1","max-image-preview":"max-image-preview:large","max-video-preview":"max-video-preview:-1"},"canonical":"https:\/\/drone.webboll.com\/index.php\/calisma-alanlarimiz\/ceza-hukuku\/","og_locale":"tr_TR","og_type":"article","og_title":"Ceza Hukuku - AV. DO\u011eAN \u00d6ZKAN","og_description":"VR Ears Software Technology Smart Audio Videos Game Studio Game Ticaret ve \u015eirketler Hukuku \u015eirket kurulu\u015f s\u00fcre\u00e7lerinin planlanmas\u0131, ana s\u00f6zle\u015fmenin mevzuata uygun \u015fekilde haz\u0131rlanmas\u0131 ve tescil i\u015flemlerinin y\u00fcr\u00fct\u00fclmesinden; genel kurul [&hellip;]","og_url":"https:\/\/drone.webboll.com\/index.php\/calisma-alanlarimiz\/ceza-hukuku\/","og_site_name":"AV. DO\u011eAN \u00d6ZKAN","article_modified_time":"2026-02-21T17:36:20+00:00","og_image":[{"url":"https:\/\/avukatsitesiwp.webboll.com\/wp-content\/uploads\/2022\/03\/img-service-1.jpg","type":"","width":"","height":""}],"twitter_card":"summary_large_image","twitter_misc":{"Tahmini okuma s\u00fcresi":"3 dakika"},"schema":{"@context":"https:\/\/schema.org","@graph":[{"@type":"WebPage","@id":"https:\/\/drone.webboll.com\/index.php\/calisma-alanlarimiz\/ceza-hukuku\/","url":"https:\/\/drone.webboll.com\/index.php\/calisma-alanlarimiz\/ceza-hukuku\/","name":"Ceza Hukuku - AV. DO\u011eAN \u00d6ZKAN","isPartOf":{"@id":"https:\/\/drone.webboll.com\/#website"},"primaryImageOfPage":{"@id":"https:\/\/drone.webboll.com\/index.php\/calisma-alanlarimiz\/ceza-hukuku\/#primaryimage"},"image":{"@id":"https:\/\/drone.webboll.com\/index.php\/calisma-alanlarimiz\/ceza-hukuku\/#primaryimage"},"thumbnailUrl":"https:\/\/avukatsitesiwp.webboll.com\/wp-content\/uploads\/2022\/03\/img-service-1.jpg","datePublished":"2026-02-21T17:36:19+00:00","dateModified":"2026-02-21T17:36:20+00:00","breadcrumb":{"@id":"https:\/\/drone.webboll.com\/index.php\/calisma-alanlarimiz\/ceza-hukuku\/#breadcrumb"},"inLanguage":"tr","potentialAction":[{"@type":"ReadAction","target":["https:\/\/drone.webboll.com\/index.php\/calisma-alanlarimiz\/ceza-hukuku\/"]}]},{"@type":"ImageObject","inLanguage":"tr","@id":"https:\/\/drone.webboll.com\/index.php\/calisma-alanlarimiz\/ceza-hukuku\/#primaryimage","url":"https:\/\/avukatsitesiwp.webboll.com\/wp-content\/uploads\/2022\/03\/img-service-1.jpg","contentUrl":"https:\/\/avukatsitesiwp.webboll.com\/wp-content\/uploads\/2022\/03\/img-service-1.jpg"},{"@type":"BreadcrumbList","@id":"https:\/\/drone.webboll.com\/index.php\/calisma-alanlarimiz\/ceza-hukuku\/#breadcrumb","itemListElement":[{"@type":"ListItem","position":1,"name":"Anasayfa","item":"https:\/\/drone.webboll.com\/"},{"@type":"ListItem","position":2,"name":"\u00c7al\u0131\u015fma Alanlar\u0131m\u0131z","item":"https:\/\/drone.webboll.com\/index.php\/calisma-alanlarimiz\/"},{"@type":"ListItem","position":3,"name":"Ceza Hukuku"}]},{"@type":"WebSite","@id":"https:\/\/drone.webboll.com\/#website","url":"https:\/\/drone.webboll.com\/","name":"AV. DO\u011eAN \u00d6ZKAN","description":"","potentialAction":[{"@type":"SearchAction","target":{"@type":"EntryPoint","urlTemplate":"https:\/\/drone.webboll.com\/?s={search_term_string}"},"query-input":{"@type":"PropertyValueSpecification","valueRequired":true,"valueName":"search_term_string"}}],"inLanguage":"tr"}]}},"_links":{"self":[{"href":"https:\/\/drone.webboll.com\/index.php\/wp-json\/wp\/v2\/pages\/2349","targetHints":{"allow":["GET"]}}],"collection":[{"href":"https:\/\/drone.webboll.com\/index.php\/wp-json\/wp\/v2\/pages"}],"about":[{"href":"https:\/\/drone.webboll.com\/index.php\/wp-json\/wp\/v2\/types\/page"}],"author":[{"embeddable":true,"href":"https:\/\/drone.webboll.com\/index.php\/wp-json\/wp\/v2\/users\/1"}],"replies":[{"embeddable":true,"href":"https:\/\/drone.webboll.com\/index.php\/wp-json\/wp\/v2\/comments?post=2349"}],"version-history":[{"count":1,"href":"https:\/\/drone.webboll.com\/index.php\/wp-json\/wp\/v2\/pages\/2349\/revisions"}],"predecessor-version":[{"id":2350,"href":"https:\/\/drone.webboll.com\/index.php\/wp-json\/wp\/v2\/pages\/2349\/revisions\/2350"}],"up":[{"embeddable":true,"href":"https:\/\/drone.webboll.com\/index.php\/wp-json\/wp\/v2\/pages\/2322"}],"wp:attachment":[{"href":"https:\/\/drone.webboll.com\/index.php\/wp-json\/wp\/v2\/media?parent=2349"}],"curies":[{"name":"wp","href":"https:\/\/api.w.org\/{rel}","templated":true}]}}