{"id":2365,"date":"2026-02-21T17:54:15","date_gmt":"2026-02-21T17:54:15","guid":{"rendered":"https:\/\/avukatsitesiwp.webboll.com\/?page_id=2365"},"modified":"2026-02-21T17:55:14","modified_gmt":"2026-02-21T17:55:14","slug":"hakkimizda","status":"publish","type":"page","link":"https:\/\/drone.webboll.com\/index.php\/hakkimizda\/","title":{"rendered":"HAKKIMIZDA"},"content":{"rendered":"\t\t<div data-elementor-type=\"wp-page\" data-elementor-id=\"2365\" class=\"elementor elementor-2365\">\n\t\t\t\t\t\t<section class=\"elementor-section elementor-top-section elementor-element elementor-element-e3cc2be elementor-section-boxed elementor-section-height-default elementor-section-height-default\" data-id=\"e3cc2be\" data-element_type=\"section\" data-e-type=\"section\">\n\t\t\t\t\t\t<div class=\"elementor-container elementor-column-gap-no\">\n\t\t\t\t\t<div class=\"elementor-column elementor-col-50 elementor-top-column elementor-element elementor-element-a6d7586\" data-id=\"a6d7586\" data-element_type=\"column\" data-e-type=\"column\">\n\t\t\t<div class=\"elementor-widget-wrap elementor-element-populated\">\n\t\t\t\t\t\t<div class=\"elementor-element elementor-element-c2994bf elementor-widget elementor-widget-image\" data-id=\"c2994bf\" data-element_type=\"widget\" data-e-type=\"widget\" data-widget_type=\"image.default\">\n\t\t\t\t\t\t\t\t\t\t\t\t\t\t\t<img fetchpriority=\"high\" decoding=\"async\" width=\"500\" height=\"546\" src=\"https:\/\/drone.webboll.com\/wp-content\/uploads\/2022\/03\/team-4.jpg\" class=\"attachment-full size-full wp-image-1433\" alt=\"\" \/>\t\t\t\t\t\t\t\t\t\t\t\t\t\t\t<\/div>\n\t\t\t\t\t<\/div>\n\t\t<\/div>\n\t\t\t\t<div class=\"elementor-column elementor-col-50 elementor-top-column elementor-element elementor-element-506bdb6\" data-id=\"506bdb6\" data-element_type=\"column\" data-e-type=\"column\">\n\t\t\t<div class=\"elementor-widget-wrap elementor-element-populated\">\n\t\t\t\t\t\t<div class=\"elementor-element elementor-element-65b9e1c elementor-widget elementor-widget-gva-heading-block\" data-id=\"65b9e1c\" data-element_type=\"widget\" data-e-type=\"widget\" data-widget_type=\"gva-heading-block.default\">\n\t\t\t\t<div class=\"elementor-widget-container\">\n\t\t\t\t\t<div class=\"gva-element-gva-heading-block gva-element\">   <div class=\"align-left style-1 widget gsc-heading box-align-left auto-responsive\">\r\n      <div class=\"content-inner\">\r\n         \r\n         \r\n                     <div class=\"sub-title\">\r\n               <span class=\"tagline\">Avukat &amp; Kurucu<\/span> \r\n            <\/div>\r\n           \r\n         \r\n                     <h2 class=\"title\">\r\n               <span>Av. Do\u011fan \u00d6ZKAN<\/span>\r\n            <\/h2>\r\n                  \r\n         \r\n      <\/div>\r\n   <\/div>\r\n<\/div>\t\t\t\t<\/div>\n\t\t\t\t<\/div>\n\t\t\t\t<div class=\"elementor-element elementor-element-f550d1c elementor-widget-divider--view-line elementor-widget elementor-widget-divider\" data-id=\"f550d1c\" data-element_type=\"widget\" data-e-type=\"widget\" data-widget_type=\"divider.default\">\n\t\t\t\t\t\t\t<div class=\"elementor-divider\">\n\t\t\t<span class=\"elementor-divider-separator\">\n\t\t\t\t\t\t<\/span>\n\t\t<\/div>\n\t\t\t\t\t\t<\/div>\n\t\t\t\t<div class=\"elementor-element elementor-element-c715e96 elementor-widget elementor-widget-text-editor\" data-id=\"c715e96\" data-element_type=\"widget\" data-e-type=\"widget\" data-widget_type=\"text-editor.default\">\n\t\t\t\t\t\t\t\t\t<p>\u0130stanbul do\u011fumlu olan Av. Do\u011fan \u00d6ZKAN; liseyi \u015eehremini Anadolu Lisesi\u2019nde bitirmi\u015ftir. Akademik hayat\u0131na Kadir Has \u00dcniversitesi Hukuk Fak\u00fcltesi\u2019nde devam etmi\u015f ve buradan \u201cOnur \u00d6\u011frencisi\u201c olarak dereceyle mezun olmu\u015ftur.<\/p><p>\u00dcniversite e\u011fitimi boyunca ilk olarak Avrupa Birli\u011fi taraf\u0131ndan Avusturya\u2019n\u0131n Salzburg \u00dcniversitesi\u2019nde d\u00fczenlenen \u201cEuropean Private Law\u201c e\u011fitim program\u0131n\u0131 tamamlayarak ba\u015far\u0131 sertifikas\u0131n\u0131 alm\u0131\u015ft\u0131r.<\/p><p>Akabinde \u00c7in\u2019de \u201cZheijang Gongshang University\u201c de e\u011fitim program\u0131na kat\u0131lm\u0131\u015f ve bu programda kendisine \u201cEn \u0130yi Kat\u0131l\u0131mc\u0131 \u00d6d\u00fcl\u00fc\u201c lay\u0131k g\u00f6r\u00fclm\u00fc\u015ft\u00fcr.<\/p><p>Ayr\u0131ca halen; hukuk alan\u0131nda \u0130stanbul\u2019daki say\u0131l\u0131 Devlet \u00dcniversiteleri\u2019nden birisi olan \u0130stanbul Medeniyet \u00dcniversitesi\u2019nde \u00d6zel Hukuk alan\u0131nda tezli olarak y\u00fcksek lisans yapmaktad\u0131r.<\/p><p>Av. Do\u011fan \u00d6ZKAN, hukuk alan\u0131nda i\u015f ya\u015fam\u0131na \u00fclkenin en b\u00fcy\u00fck holdinglerinden birisinin hukuki i\u015flerini y\u00fcr\u00fcten \u201cMtn Law &amp; Mediation\u201c B\u00fcrosunda ba\u015flam\u0131\u015ft\u0131r. Devam eden s\u00fcre\u00e7te Karc\u0131l\u0131o\u011flu &amp; Emra\u011f Hukuk B\u00fcrosunda Ceza Hukuku Ve \u0130dare Hukuku alan\u0131nda \u00e7al\u0131\u015fm\u0131\u015ft\u0131r.<\/p><p>Sonras\u0131nda bir\u00e7ok firmaya dan\u0131\u015fmanl\u0131k ve hukuki takip hizmeti veren Turgut Hukuk B\u00fcrosunda avukatl\u0131k mesle\u011fini icra etmeye devam etmi\u015f ve burada hukukun bir\u00e7ok farkl\u0131 alan\u0131nda faaliyetlerde bulunmu\u015ftur.<\/p><p>Avukat Do\u011fan \u00d6ZKAN, 2017 y\u0131l\u0131nda Av. Do\u011fan \u00d6ZKAN Hukuk<strong> B\u00dcROSU<\/strong>NU kurmu\u015f olup kurucusu oldu\u011fu bu b\u00fcroda hukuk ekibiyle birlikte mesle\u011fine devam etmektedir.<\/p><p>A\u011f\u0131rl\u0131kl\u0131 olarak \u015eirket Dan\u0131\u015fmanl\u0131klar\u0131, Kira Hukuku, \u0130\u015f Hukuku ve Aile Hukuku, Tazminat Hukuku, T\u0131p Hukuku ve Ticaret Hukuku \u00fczerinde \u00e7al\u0131\u015fmalar\u0131n\u0131 yo\u011funla\u015ft\u0131rmakla ekibiyle birlikte hukuk b\u00fcrosu olarak hukukun hemen her alan\u0131nda faaliyet g\u00f6stermektedir.<\/p>\t\t\t\t\t\t\t\t<\/div>\n\t\t\t\t<div class=\"elementor-element elementor-element-1ccad07 elementor-widget-divider--view-line elementor-widget elementor-widget-divider\" data-id=\"1ccad07\" data-element_type=\"widget\" data-e-type=\"widget\" data-widget_type=\"divider.default\">\n\t\t\t\t\t\t\t<div class=\"elementor-divider\">\n\t\t\t<span class=\"elementor-divider-separator\">\n\t\t\t\t\t\t<\/span>\n\t\t<\/div>\n\t\t\t\t\t\t<\/div>\n\t\t\t\t<div class=\"elementor-element elementor-element-36dc5fc elementor-icon-list--layout-traditional elementor-list-item-link-full_width elementor-widget elementor-widget-icon-list\" data-id=\"36dc5fc\" data-element_type=\"widget\" data-e-type=\"widget\" data-widget_type=\"icon-list.default\">\n\t\t\t\t\t\t\t<ul class=\"elementor-icon-list-items\">\n\t\t\t\t\t\t\t<li class=\"elementor-icon-list-item\">\n\t\t\t\t\t\t\t\t\t\t\t<span class=\"elementor-icon-list-icon\">\n\t\t\t\t\t\t\t<i aria-hidden=\"true\" class=\" las la-envelope\"><\/i>\t\t\t\t\t\t<\/span>\n\t\t\t\t\t\t\t\t\t\t<span class=\"elementor-icon-list-text\"><strong>E-Posta: <\/strong>doganozkan@doganozkan.com<\/span>\n\t\t\t\t\t\t\t\t\t<\/li>\n\t\t\t\t\t\t\t\t<li class=\"elementor-icon-list-item\">\n\t\t\t\t\t\t\t\t\t\t\t<span class=\"elementor-icon-list-icon\">\n\t\t\t\t\t\t\t<i aria-hidden=\"true\" class=\" las la-phone-volume\"><\/i>\t\t\t\t\t\t<\/span>\n\t\t\t\t\t\t\t\t\t\t<span class=\"elementor-icon-list-text\"><strong>Telefon: <\/strong>0 537 701 39 99<\/span>\n\t\t\t\t\t\t\t\t\t<\/li>\n\t\t\t\t\t\t\t\t<li class=\"elementor-icon-list-item\">\n\t\t\t\t\t\t\t\t\t\t\t<span class=\"elementor-icon-list-icon\">\n\t\t\t\t\t\t\t<i aria-hidden=\"true\" class=\" las la-map-marker\"><\/i>\t\t\t\t\t\t<\/span>\n\t\t\t\t\t\t\t\t\t\t<span class=\"elementor-icon-list-text\"><strong>Adres: <\/strong>G\u00fclbahar Mahallesi B\u00fcy\u00fckdere Cad. \u00c7\u0131nar Apt. No:95 K:8 D:29 \u015ei\u015fli\/\u0130stanbul<\/span>\n\t\t\t\t\t\t\t\t\t<\/li>\n\t\t\t\t\t\t\t\t<li class=\"elementor-icon-list-item\">\n\t\t\t\t\t\t\t\t\t\t\t<span class=\"elementor-icon-list-icon\">\n\t\t\t\t\t\t\t<i aria-hidden=\"true\" class=\"fas fa-globe\"><\/i>\t\t\t\t\t\t<\/span>\n\t\t\t\t\t\t\t\t\t\t<span class=\"elementor-icon-list-text\"><strong>Website: <\/strong>www.doganozkan.com<\/span>\n\t\t\t\t\t\t\t\t\t<\/li>\n\t\t\t\t\t\t<\/ul>\n\t\t\t\t\t\t<\/div>\n\t\t\t\t<div class=\"elementor-element elementor-element-b73e74a e-grid-align-left e-grid-align-mobile-center elementor-widget__width-initial elementor-shape-rounded elementor-grid-0 elementor-widget elementor-widget-social-icons\" data-id=\"b73e74a\" data-element_type=\"widget\" data-e-type=\"widget\" data-widget_type=\"social-icons.default\">\n\t\t\t\t\t\t\t<div class=\"elementor-social-icons-wrapper elementor-grid\" role=\"list\">\n\t\t\t\t\t\t\t<span class=\"elementor-grid-item\" role=\"listitem\">\n\t\t\t\t\t<a class=\"elementor-icon elementor-social-icon elementor-social-icon-x-twitter elementor-repeater-item-bb4b3ef\" href=\"https:\/\/twitter.com\/\" target=\"_blank\">\n\t\t\t\t\t\t<span class=\"elementor-screen-only\">X-twitter<\/span>\n\t\t\t\t\t\t<i aria-hidden=\"true\" class=\"fab fa-x-twitter\"><\/i>\t\t\t\t\t<\/a>\n\t\t\t\t<\/span>\n\t\t\t\t\t\t\t<span class=\"elementor-grid-item\" role=\"listitem\">\n\t\t\t\t\t<a class=\"elementor-icon elementor-social-icon elementor-social-icon-facebook elementor-repeater-item-b32881d\" href=\"https:\/\/www.facebook.com\/\" target=\"_blank\">\n\t\t\t\t\t\t<span class=\"elementor-screen-only\">Facebook<\/span>\n\t\t\t\t\t\t<i aria-hidden=\"true\" class=\"fab fa-facebook\"><\/i>\t\t\t\t\t<\/a>\n\t\t\t\t<\/span>\n\t\t\t\t\t\t\t<span class=\"elementor-grid-item\" role=\"listitem\">\n\t\t\t\t\t<a class=\"elementor-icon elementor-social-icon elementor-social-icon-instagram elementor-repeater-item-e9775fc\" href=\"https:\/\/www.instagram.com\/\" target=\"_blank\">\n\t\t\t\t\t\t<span class=\"elementor-screen-only\">Instagram<\/span>\n\t\t\t\t\t\t<i aria-hidden=\"true\" class=\"fab fa-instagram\"><\/i>\t\t\t\t\t<\/a>\n\t\t\t\t<\/span>\n\t\t\t\t\t\t\t<span class=\"elementor-grid-item\" role=\"listitem\">\n\t\t\t\t\t<a class=\"elementor-icon elementor-social-icon elementor-social-icon-pinterest elementor-repeater-item-1450104\" href=\"https:\/\/pinterest.com\/\" target=\"_blank\">\n\t\t\t\t\t\t<span class=\"elementor-screen-only\">Pinterest<\/span>\n\t\t\t\t\t\t<i aria-hidden=\"true\" class=\"fab fa-pinterest\"><\/i>\t\t\t\t\t<\/a>\n\t\t\t\t<\/span>\n\t\t\t\t\t<\/div>\n\t\t\t\t\t\t<\/div>\n\t\t\t\t\t<\/div>\n\t\t<\/div>\n\t\t\t\t\t<\/div>\n\t\t<\/section>\n\t\t\t\t<\/div>\n\t\t","protected":false},"excerpt":{"rendered":"<p>Avukat &amp; Kurucu Av. Do\u011fan \u00d6ZKAN \u0130stanbul do\u011fumlu olan Av. Do\u011fan \u00d6ZKAN; liseyi \u015eehremini Anadolu Lisesi\u2019nde bitirmi\u015ftir. Akademik hayat\u0131na Kadir Has \u00dcniversitesi Hukuk Fak\u00fcltesi\u2019nde devam etmi\u015f ve buradan \u201cOnur \u00d6\u011frencisi\u201c [&hellip;]<\/p>\n","protected":false},"author":1,"featured_media":0,"parent":0,"menu_order":0,"comment_status":"closed","ping_status":"closed","template":"","meta":{"_acf_changed":false,"footnotes":""},"class_list":["post-2365","page","type-page","status-publish","hentry"],"acf":[],"yoast_head":"<!-- This site is optimized with the Yoast SEO plugin v27.0 - https:\/\/yoast.com\/product\/yoast-seo-wordpress\/ -->\n<title>HAKKIMIZDA - AV. DO\u011eAN \u00d6ZKAN<\/title>\n<meta name=\"robots\" content=\"index, follow, max-snippet:-1, max-image-preview:large, max-video-preview:-1\" \/>\n<link rel=\"canonical\" href=\"https:\/\/drone.webboll.com\/index.php\/hakkimizda\/\" \/>\n<meta property=\"og:locale\" content=\"tr_TR\" \/>\n<meta property=\"og:type\" content=\"article\" \/>\n<meta property=\"og:title\" content=\"HAKKIMIZDA - AV. DO\u011eAN \u00d6ZKAN\" \/>\n<meta property=\"og:description\" content=\"Avukat &amp; Kurucu Av. Do\u011fan \u00d6ZKAN \u0130stanbul do\u011fumlu olan Av. Do\u011fan \u00d6ZKAN; liseyi \u015eehremini Anadolu Lisesi\u2019nde bitirmi\u015ftir. Akademik hayat\u0131na Kadir Has \u00dcniversitesi Hukuk Fak\u00fcltesi\u2019nde devam etmi\u015f ve buradan \u201cOnur \u00d6\u011frencisi\u201c [&hellip;]\" \/>\n<meta property=\"og:url\" content=\"https:\/\/drone.webboll.com\/index.php\/hakkimizda\/\" \/>\n<meta property=\"og:site_name\" content=\"AV. DO\u011eAN \u00d6ZKAN\" \/>\n<meta property=\"article:modified_time\" content=\"2026-02-21T17:55:14+00:00\" \/>\n<meta property=\"og:image\" content=\"https:\/\/avukatsitesiwp.webboll.com\/wp-content\/uploads\/2022\/03\/team-4.jpg\" \/>\n<meta name=\"twitter:card\" content=\"summary_large_image\" \/>\n<meta name=\"twitter:label1\" content=\"Tahmini okuma s\u00fcresi\" \/>\n\t<meta name=\"twitter:data1\" content=\"1 dakika\" \/>\n<script type=\"application\/ld+json\" class=\"yoast-schema-graph\">{\"@context\":\"https:\/\/schema.org\",\"@graph\":[{\"@type\":\"WebPage\",\"@id\":\"https:\/\/drone.webboll.com\/index.php\/hakkimizda\/\",\"url\":\"https:\/\/drone.webboll.com\/index.php\/hakkimizda\/\",\"name\":\"HAKKIMIZDA - AV. DO\u011eAN \u00d6ZKAN\",\"isPartOf\":{\"@id\":\"https:\/\/drone.webboll.com\/#website\"},\"primaryImageOfPage\":{\"@id\":\"https:\/\/drone.webboll.com\/index.php\/hakkimizda\/#primaryimage\"},\"image\":{\"@id\":\"https:\/\/drone.webboll.com\/index.php\/hakkimizda\/#primaryimage\"},\"thumbnailUrl\":\"https:\/\/avukatsitesiwp.webboll.com\/wp-content\/uploads\/2022\/03\/team-4.jpg\",\"datePublished\":\"2026-02-21T17:54:15+00:00\",\"dateModified\":\"2026-02-21T17:55:14+00:00\",\"breadcrumb\":{\"@id\":\"https:\/\/drone.webboll.com\/index.php\/hakkimizda\/#breadcrumb\"},\"inLanguage\":\"tr\",\"potentialAction\":[{\"@type\":\"ReadAction\",\"target\":[\"https:\/\/drone.webboll.com\/index.php\/hakkimizda\/\"]}]},{\"@type\":\"ImageObject\",\"inLanguage\":\"tr\",\"@id\":\"https:\/\/drone.webboll.com\/index.php\/hakkimizda\/#primaryimage\",\"url\":\"https:\/\/avukatsitesiwp.webboll.com\/wp-content\/uploads\/2022\/03\/team-4.jpg\",\"contentUrl\":\"https:\/\/avukatsitesiwp.webboll.com\/wp-content\/uploads\/2022\/03\/team-4.jpg\"},{\"@type\":\"BreadcrumbList\",\"@id\":\"https:\/\/drone.webboll.com\/index.php\/hakkimizda\/#breadcrumb\",\"itemListElement\":[{\"@type\":\"ListItem\",\"position\":1,\"name\":\"Anasayfa\",\"item\":\"https:\/\/drone.webboll.com\/\"},{\"@type\":\"ListItem\",\"position\":2,\"name\":\"HAKKIMIZDA\"}]},{\"@type\":\"WebSite\",\"@id\":\"https:\/\/drone.webboll.com\/#website\",\"url\":\"https:\/\/drone.webboll.com\/\",\"name\":\"AV. DO\u011eAN \u00d6ZKAN\",\"description\":\"\",\"potentialAction\":[{\"@type\":\"SearchAction\",\"target\":{\"@type\":\"EntryPoint\",\"urlTemplate\":\"https:\/\/drone.webboll.com\/?s={search_term_string}\"},\"query-input\":{\"@type\":\"PropertyValueSpecification\",\"valueRequired\":true,\"valueName\":\"search_term_string\"}}],\"inLanguage\":\"tr\"}]}<\/script>\n<!-- \/ Yoast SEO plugin. -->","yoast_head_json":{"title":"HAKKIMIZDA - AV. DO\u011eAN \u00d6ZKAN","robots":{"index":"index","follow":"follow","max-snippet":"max-snippet:-1","max-image-preview":"max-image-preview:large","max-video-preview":"max-video-preview:-1"},"canonical":"https:\/\/drone.webboll.com\/index.php\/hakkimizda\/","og_locale":"tr_TR","og_type":"article","og_title":"HAKKIMIZDA - AV. DO\u011eAN \u00d6ZKAN","og_description":"Avukat &amp; Kurucu Av. Do\u011fan \u00d6ZKAN \u0130stanbul do\u011fumlu olan Av. Do\u011fan \u00d6ZKAN; liseyi \u015eehremini Anadolu Lisesi\u2019nde bitirmi\u015ftir. Akademik hayat\u0131na Kadir Has \u00dcniversitesi Hukuk Fak\u00fcltesi\u2019nde devam etmi\u015f ve buradan \u201cOnur \u00d6\u011frencisi\u201c [&hellip;]","og_url":"https:\/\/drone.webboll.com\/index.php\/hakkimizda\/","og_site_name":"AV. DO\u011eAN \u00d6ZKAN","article_modified_time":"2026-02-21T17:55:14+00:00","og_image":[{"url":"https:\/\/avukatsitesiwp.webboll.com\/wp-content\/uploads\/2022\/03\/team-4.jpg","type":"","width":"","height":""}],"twitter_card":"summary_large_image","twitter_misc":{"Tahmini okuma s\u00fcresi":"1 dakika"},"schema":{"@context":"https:\/\/schema.org","@graph":[{"@type":"WebPage","@id":"https:\/\/drone.webboll.com\/index.php\/hakkimizda\/","url":"https:\/\/drone.webboll.com\/index.php\/hakkimizda\/","name":"HAKKIMIZDA - AV. DO\u011eAN \u00d6ZKAN","isPartOf":{"@id":"https:\/\/drone.webboll.com\/#website"},"primaryImageOfPage":{"@id":"https:\/\/drone.webboll.com\/index.php\/hakkimizda\/#primaryimage"},"image":{"@id":"https:\/\/drone.webboll.com\/index.php\/hakkimizda\/#primaryimage"},"thumbnailUrl":"https:\/\/avukatsitesiwp.webboll.com\/wp-content\/uploads\/2022\/03\/team-4.jpg","datePublished":"2026-02-21T17:54:15+00:00","dateModified":"2026-02-21T17:55:14+00:00","breadcrumb":{"@id":"https:\/\/drone.webboll.com\/index.php\/hakkimizda\/#breadcrumb"},"inLanguage":"tr","potentialAction":[{"@type":"ReadAction","target":["https:\/\/drone.webboll.com\/index.php\/hakkimizda\/"]}]},{"@type":"ImageObject","inLanguage":"tr","@id":"https:\/\/drone.webboll.com\/index.php\/hakkimizda\/#primaryimage","url":"https:\/\/avukatsitesiwp.webboll.com\/wp-content\/uploads\/2022\/03\/team-4.jpg","contentUrl":"https:\/\/avukatsitesiwp.webboll.com\/wp-content\/uploads\/2022\/03\/team-4.jpg"},{"@type":"BreadcrumbList","@id":"https:\/\/drone.webboll.com\/index.php\/hakkimizda\/#breadcrumb","itemListElement":[{"@type":"ListItem","position":1,"name":"Anasayfa","item":"https:\/\/drone.webboll.com\/"},{"@type":"ListItem","position":2,"name":"HAKKIMIZDA"}]},{"@type":"WebSite","@id":"https:\/\/drone.webboll.com\/#website","url":"https:\/\/drone.webboll.com\/","name":"AV. DO\u011eAN \u00d6ZKAN","description":"","potentialAction":[{"@type":"SearchAction","target":{"@type":"EntryPoint","urlTemplate":"https:\/\/drone.webboll.com\/?s={search_term_string}"},"query-input":{"@type":"PropertyValueSpecification","valueRequired":true,"valueName":"search_term_string"}}],"inLanguage":"tr"}]}},"_links":{"self":[{"href":"https:\/\/drone.webboll.com\/index.php\/wp-json\/wp\/v2\/pages\/2365","targetHints":{"allow":["GET"]}}],"collection":[{"href":"https:\/\/drone.webboll.com\/index.php\/wp-json\/wp\/v2\/pages"}],"about":[{"href":"https:\/\/drone.webboll.com\/index.php\/wp-json\/wp\/v2\/types\/page"}],"author":[{"embeddable":true,"href":"https:\/\/drone.webboll.com\/index.php\/wp-json\/wp\/v2\/users\/1"}],"replies":[{"embeddable":true,"href":"https:\/\/drone.webboll.com\/index.php\/wp-json\/wp\/v2\/comments?post=2365"}],"version-history":[{"count":5,"href":"https:\/\/drone.webboll.com\/index.php\/wp-json\/wp\/v2\/pages\/2365\/revisions"}],"predecessor-version":[{"id":2371,"href":"https:\/\/drone.webboll.com\/index.php\/wp-json\/wp\/v2\/pages\/2365\/revisions\/2371"}],"wp:attachment":[{"href":"https:\/\/drone.webboll.com\/index.php\/wp-json\/wp\/v2\/media?parent=2365"}],"curies":[{"name":"wp","href":"https:\/\/api.w.org\/{rel}","templated":true}]}}