{"id":2372,"date":"2026-02-21T18:54:49","date_gmt":"2026-02-21T18:54:49","guid":{"rendered":"https:\/\/avukatsitesiwp.webboll.com\/?page_id=2372"},"modified":"2026-02-21T18:55:20","modified_gmt":"2026-02-21T18:55:20","slug":"hukuki-yazilar","status":"publish","type":"page","link":"https:\/\/drone.webboll.com\/index.php\/hukuki-yazilar\/","title":{"rendered":"Hukuki Yaz\u0131lar"},"content":{"rendered":"\t\t<div data-elementor-type=\"wp-page\" data-elementor-id=\"2372\" class=\"elementor elementor-2372\">\n\t\t\t\t\t\t<section class=\"elementor-section elementor-top-section elementor-element elementor-element-56ac5f0 elementor-section-boxed elementor-section-height-default elementor-section-height-default\" data-id=\"56ac5f0\" data-element_type=\"section\" data-e-type=\"section\">\n\t\t\t\t\t\t<div class=\"elementor-container elementor-column-gap-default\">\n\t\t\t\t\t<div class=\"elementor-column elementor-col-50 elementor-top-column elementor-element elementor-element-92062bd\" data-id=\"92062bd\" data-element_type=\"column\" data-e-type=\"column\">\n\t\t\t<div class=\"elementor-widget-wrap elementor-element-populated\">\n\t\t\t\t\t\t<div class=\"elementor-element elementor-element-4de6562 elementor-widget elementor-widget-gva-posts\" data-id=\"4de6562\" data-element_type=\"widget\" data-e-type=\"widget\" data-widget_type=\"gva-posts.default\">\n\t\t\t\t<div class=\"elementor-widget-container\">\n\t\t\t\t\t<div class=\"gva-element-gva-posts gva-element\">  \n  <div class=\"gva-posts-grid clearfix gva-posts\">\n\t\t<div class=\"gva-content-items\"> \n\t\t  <div class=\"lg-block-grid-2 md-block-grid-2 sm-block-grid-2 xs-block-grid-2 xx-block-grid-1\">\n\t\t\t <div class=\"item-columns\">\n   <article id=\"post-1985\" class=\"post post-style-1 post-1985 type-post status-publish format-standard hentry category-dilekce-ornekleri\">\n      \n      <div class=\"post-thumbnail\">\n            \n                     <div class=\"entry-date\">\n               <span class=\"date\">\u015eubat 19, 2026<\/span>\n            <\/div>\n               <\/div>\n\n      <div class=\"entry-content has-no-thumbnail\">\n         <div class=\"content-inner\">\n            <div class=\"entry-meta\">\n               <div class=\"clearfix meta-inline post-meta-1\"><span class=\"author vcard\"><i class=\"far fa-user-circle\"><\/i>admin<\/span><span class=\"line\">\/<\/span><span class=\"post-comment\"><i class=\"far fa-comments\"><\/i>0 Comments<\/span><\/div>            <\/div> \n            <h3 class=\"entry-title\"><a href=\"https:\/\/drone.webboll.com\/index.php\/2026\/02\/19\/veraset-ilami-talebi\/\" rel=\"bookmark\">VERASET I\u0307LAMI TALEBI\u0307<\/a><\/h3>\n            \n            <div class=\"read-more\">\n               <a class=\"btn-read-more\" href=\"https:\/\/drone.webboll.com\/index.php\/2026\/02\/19\/veraset-ilami-talebi\/\">Detaylar<i class=\"fas fa-angle-right\"><\/i><\/a>\n            <\/div>\n         <\/div>\n\n      <\/div>\n   <\/article>   \n\n  <\/div><div class=\"item-columns\">\n   <article id=\"post-1983\" class=\"post post-style-1 post-1983 type-post status-publish format-standard hentry category-dilekce-ornekleri\">\n      \n      <div class=\"post-thumbnail\">\n            \n                     <div class=\"entry-date\">\n               <span class=\"date\">\u015eubat 19, 2026<\/span>\n            <\/div>\n               <\/div>\n\n      <div class=\"entry-content has-no-thumbnail\">\n         <div class=\"content-inner\">\n            <div class=\"entry-meta\">\n               <div class=\"clearfix meta-inline post-meta-1\"><span class=\"author vcard\"><i class=\"far fa-user-circle\"><\/i>admin<\/span><span class=\"line\">\/<\/span><span class=\"post-comment\"><i class=\"far fa-comments\"><\/i>0 Comments<\/span><\/div>            <\/div> \n            <h3 class=\"entry-title\"><a href=\"https:\/\/drone.webboll.com\/index.php\/2026\/02\/19\/trafik-kazasindan-dogan-maddi-tazminat-talebi\/\" rel=\"bookmark\">TRAFI\u0307K KAZASINDAN DOG\u0306AN MADDI\u0307 TAZMI\u0307NAT TALEBI\u0307<\/a><\/h3>\n            \n            <div class=\"read-more\">\n               <a class=\"btn-read-more\" href=\"https:\/\/drone.webboll.com\/index.php\/2026\/02\/19\/trafik-kazasindan-dogan-maddi-tazminat-talebi\/\">Detaylar<i class=\"fas fa-angle-right\"><\/i><\/a>\n            <\/div>\n         <\/div>\n\n      <\/div>\n   <\/article>   \n\n  <\/div><div class=\"item-columns\">\n   <article id=\"post-1981\" class=\"post post-style-1 post-1981 type-post status-publish format-standard hentry category-dilekce-ornekleri\">\n      \n      <div class=\"post-thumbnail\">\n            \n                     <div class=\"entry-date\">\n               <span class=\"date\">\u015eubat 19, 2026<\/span>\n            <\/div>\n               <\/div>\n\n      <div class=\"entry-content has-no-thumbnail\">\n         <div class=\"content-inner\">\n            <div class=\"entry-meta\">\n               <div class=\"clearfix meta-inline post-meta-1\"><span class=\"author vcard\"><i class=\"far fa-user-circle\"><\/i>admin<\/span><span class=\"line\">\/<\/span><span class=\"post-comment\"><i class=\"far fa-comments\"><\/i>0 Comments<\/span><\/div>            <\/div> \n            <h3 class=\"entry-title\"><a href=\"https:\/\/drone.webboll.com\/index.php\/2026\/02\/19\/temerrude-dayali-dava-dilekcesi\/\" rel=\"bookmark\">Temerr\u00fcde dayal\u0131 dava dilekc\u0327esi<\/a><\/h3>\n            \n            <div class=\"read-more\">\n               <a class=\"btn-read-more\" href=\"https:\/\/drone.webboll.com\/index.php\/2026\/02\/19\/temerrude-dayali-dava-dilekcesi\/\">Detaylar<i class=\"fas fa-angle-right\"><\/i><\/a>\n            <\/div>\n         <\/div>\n\n      <\/div>\n   <\/article>   \n\n  <\/div><div class=\"item-columns\">\n   <article id=\"post-1979\" class=\"post post-style-1 post-1979 type-post status-publish format-standard hentry category-dilekce-ornekleri\">\n      \n      <div class=\"post-thumbnail\">\n            \n                     <div class=\"entry-date\">\n               <span class=\"date\">\u015eubat 19, 2026<\/span>\n            <\/div>\n               <\/div>\n\n      <div class=\"entry-content has-no-thumbnail\">\n         <div class=\"content-inner\">\n            <div class=\"entry-meta\">\n               <div class=\"clearfix meta-inline post-meta-1\"><span class=\"author vcard\"><i class=\"far fa-user-circle\"><\/i>admin<\/span><span class=\"line\">\/<\/span><span class=\"post-comment\"><i class=\"far fa-comments\"><\/i>0 Comments<\/span><\/div>            <\/div> \n            <h3 class=\"entry-title\"><a href=\"https:\/\/drone.webboll.com\/index.php\/2026\/02\/19\/tanik-sunma-dilekcesi\/\" rel=\"bookmark\">Tan\u0131k sunma dilekc\u0327esi<\/a><\/h3>\n            \n            <div class=\"read-more\">\n               <a class=\"btn-read-more\" href=\"https:\/\/drone.webboll.com\/index.php\/2026\/02\/19\/tanik-sunma-dilekcesi\/\">Detaylar<i class=\"fas fa-angle-right\"><\/i><\/a>\n            <\/div>\n         <\/div>\n\n      <\/div>\n   <\/article>   \n\n  <\/div><div class=\"item-columns\">\n   <article id=\"post-1977\" class=\"post post-style-1 post-1977 type-post status-publish format-standard hentry category-dilekce-ornekleri\">\n      \n      <div class=\"post-thumbnail\">\n            \n                     <div class=\"entry-date\">\n               <span class=\"date\">\u015eubat 19, 2026<\/span>\n            <\/div>\n               <\/div>\n\n      <div class=\"entry-content has-no-thumbnail\">\n         <div class=\"content-inner\">\n            <div class=\"entry-meta\">\n               <div class=\"clearfix meta-inline post-meta-1\"><span class=\"author vcard\"><i class=\"far fa-user-circle\"><\/i>admin<\/span><span class=\"line\">\/<\/span><span class=\"post-comment\"><i class=\"far fa-comments\"><\/i>0 Comments<\/span><\/div>            <\/div> \n            <h3 class=\"entry-title\"><a href=\"https:\/\/drone.webboll.com\/index.php\/2026\/02\/19\/tahliye-taahhudune-dayali-dava-dilekcesi\/\" rel=\"bookmark\">Tahliye taahhu\u0308du\u0308ne dayal\u0131 dava dilekc\u0327esi<\/a><\/h3>\n            \n            <div class=\"read-more\">\n               <a class=\"btn-read-more\" href=\"https:\/\/drone.webboll.com\/index.php\/2026\/02\/19\/tahliye-taahhudune-dayali-dava-dilekcesi\/\">Detaylar<i class=\"fas fa-angle-right\"><\/i><\/a>\n            <\/div>\n         <\/div>\n\n      <\/div>\n   <\/article>   \n\n  <\/div><div class=\"item-columns\">\n   <article id=\"post-1975\" class=\"post post-style-1 post-1975 type-post status-publish format-standard hentry category-dilekce-ornekleri\">\n      \n      <div class=\"post-thumbnail\">\n            \n                     <div class=\"entry-date\">\n               <span class=\"date\">\u015eubat 19, 2026<\/span>\n            <\/div>\n               <\/div>\n\n      <div class=\"entry-content has-no-thumbnail\">\n         <div class=\"content-inner\">\n            <div class=\"entry-meta\">\n               <div class=\"clearfix meta-inline post-meta-1\"><span class=\"author vcard\"><i class=\"far fa-user-circle\"><\/i>admin<\/span><span class=\"line\">\/<\/span><span class=\"post-comment\"><i class=\"far fa-comments\"><\/i>0 Comments<\/span><\/div>            <\/div> \n            <h3 class=\"entry-title\"><a href=\"https:\/\/drone.webboll.com\/index.php\/2026\/02\/19\/odeme-emrine-icraya-itiraz-dilekcesi\/\" rel=\"bookmark\">\u00d6deme emrine (icraya) itiraz dilekc\u0327esi<\/a><\/h3>\n            \n            <div class=\"read-more\">\n               <a class=\"btn-read-more\" href=\"https:\/\/drone.webboll.com\/index.php\/2026\/02\/19\/odeme-emrine-icraya-itiraz-dilekcesi\/\">Detaylar<i class=\"fas fa-angle-right\"><\/i><\/a>\n            <\/div>\n         <\/div>\n\n      <\/div>\n   <\/article>   \n\n  <\/div>\t\t  <\/div>\n\t\t<\/div>\n\t\t\t\t\t <div class=\"pagination\">\n\t\t\t\t  <div class=\"column one pager_wrapper\"><div class=\"pager\"><div class=\"paginations\"><a href=\"https:\/\/drone.webboll.com\/index.php\/wp-json\/wp\/v2\/pages\/2372\/\" class=\"page-item active\">1<\/a><a href=\"https:\/\/drone.webboll.com\/index.php\/wp-json\/wp\/v2\/pages\/2372\/page\/2\/\" class=\"page-item\">2<\/a><a href=\"https:\/\/drone.webboll.com\/index.php\/wp-json\/wp\/v2\/pages\/2372\/page\/3\/\" class=\"page-item\">3<\/a><span class=\"page-item\">... <\/span><a href=\"https:\/\/drone.webboll.com\/index.php\/wp-json\/wp\/v2\/pages\/2372\/page\/11\/\" class=\"page-item\">11<\/a><a class=\"next_page\" href=\"https:\/\/drone.webboll.com\/index.php\/wp-json\/wp\/v2\/pages\/2372\/page\/2\/\"><i class=\"fas fa-chevron-right\"><\/i><\/a><\/div><\/div><\/div>\n\t\t\t <\/div>\n\t\t  <\/div>\n  <\/div>\t\t\t\t<\/div>\n\t\t\t\t<\/div>\n\t\t\t\t<section class=\"elementor-section elementor-inner-section elementor-element elementor-element-2ac55d6 elementor-section-boxed elementor-section-height-default elementor-section-height-default\" data-id=\"2ac55d6\" data-element_type=\"section\" data-e-type=\"section\">\n\t\t\t\t\t\t<div class=\"elementor-container elementor-column-gap-default\">\n\t\t\t\t\t<div class=\"elementor-column elementor-col-50 elementor-inner-column elementor-element elementor-element-70d16d0\" data-id=\"70d16d0\" data-element_type=\"column\" data-e-type=\"column\">\n\t\t\t<div class=\"elementor-widget-wrap\">\n\t\t\t\t\t\t\t<\/div>\n\t\t<\/div>\n\t\t\t\t<div class=\"elementor-column elementor-col-50 elementor-inner-column elementor-element elementor-element-4ae6b40\" data-id=\"4ae6b40\" data-element_type=\"column\" data-e-type=\"column\">\n\t\t\t<div class=\"elementor-widget-wrap\">\n\t\t\t\t\t\t\t<\/div>\n\t\t<\/div>\n\t\t\t\t\t<\/div>\n\t\t<\/section>\n\t\t\t\t\t<\/div>\n\t\t<\/div>\n\t\t\t\t<div class=\"elementor-column elementor-col-50 elementor-top-column elementor-element elementor-element-a3f2179\" data-id=\"a3f2179\" data-element_type=\"column\" data-e-type=\"column\">\n\t\t\t<div class=\"elementor-widget-wrap elementor-element-populated\">\n\t\t\t\t\t\t<div class=\"elementor-element elementor-element-86537b6 elementor-widget elementor-widget-heading\" data-id=\"86537b6\" data-element_type=\"widget\" data-e-type=\"widget\" data-widget_type=\"heading.default\">\n\t\t\t\t\t<h2 class=\"elementor-heading-title elementor-size-default\">KATEGOR\u0130LER<\/h2>\t\t\t\t<\/div>\n\t\t\t\t<div class=\"elementor-element elementor-element-a22e0c8 elementor-widget elementor-widget-html\" data-id=\"a22e0c8\" data-element_type=\"widget\" data-e-type=\"widget\" data-widget_type=\"html.default\">\n\t\t\t\t\t<ul class=\"custom-cats\">\r\n  <li><a href=\"https:\/\/avukatsitesiwp.webboll.com\/index.php\/category\/aile-ve-miras-hukuku\/\">Aile ve Miras Hukuku<\/a><\/li>\r\n  <li><a href=\"https:\/\/avukatsitesiwp.webboll.com\/index.php\/category\/ceza-hukuku\/\">Ceza Hukuku<\/a><\/li>\r\n  <li><a href=\"https:\/\/avukatsitesiwp.webboll.com\/index.php\/category\/is-hukuku\/\">\u0130\u015f Hukuku<\/a><\/li>\r\n  <li><a href=\"https:\/\/avukatsitesiwp.webboll.com\/index.php\/category\/kira-hukuku\/\">Kira Hukuku<\/a><\/li>\r\n  <li><a href=\"https:\/\/avukatsitesiwp.webboll.com\/index.php\/category\/tasinmaz-hukuku\/\">Ta\u015f\u0131nmaz Hukuku<\/a><\/li>\r\n  <li><a href=\"https:\/\/avukatsitesiwp.webboll.com\/index.php\/category\/tazminat-ve-tuketici-hukuku\/\">Tazminat ve T\u00fcketici Hukuku<\/a><\/li>\r\n  <li><a href=\"https:\/\/avukatsitesiwp.webboll.com\/index.php\/category\/ticaret-ve-icra-hukuku\/\">Ticaret ve \u0130cra Hukuku<\/a><\/li>\r\n   <li><a href=\"https:\/\/avukatsitesiwp.webboll.com\/index.php\/category\/usul-hukuku-ve-genel-hukuki-yazilar\/\">Usul Hukuku ve Genel Hukuk<\/a><\/li>\r\n<\/ul>\t\t\t\t<\/div>\n\t\t\t\t\t<\/div>\n\t\t<\/div>\n\t\t\t\t\t<\/div>\n\t\t<\/section>\n\t\t\t\t<\/div>\n\t\t","protected":false},"excerpt":{"rendered":"<p>\u015eubat 19, 2026 admin\/0 Comments VERASET I\u0307LAMI TALEBI\u0307 Detaylar \u015eubat 19, 2026 admin\/0 Comments TRAFI\u0307K KAZASINDAN DOG\u0306AN MADDI\u0307 TAZMI\u0307NAT TALEBI\u0307 Detaylar \u015eubat 19, 2026 admin\/0 Comments Temerr\u00fcde dayal\u0131 dava dilekc\u0327esi [&hellip;]<\/p>\n","protected":false},"author":1,"featured_media":0,"parent":0,"menu_order":0,"comment_status":"closed","ping_status":"closed","template":"","meta":{"_acf_changed":false,"footnotes":""},"class_list":["post-2372","page","type-page","status-publish","hentry"],"acf":[],"yoast_head":"<!-- This site is optimized with the Yoast SEO plugin v27.0 - https:\/\/yoast.com\/product\/yoast-seo-wordpress\/ -->\n<title>Hukuki Yaz\u0131lar - AV. DO\u011eAN \u00d6ZKAN<\/title>\n<meta name=\"robots\" content=\"index, follow, max-snippet:-1, max-image-preview:large, max-video-preview:-1\" \/>\n<link rel=\"canonical\" href=\"https:\/\/drone.webboll.com\/index.php\/hukuki-yazilar\/\" \/>\n<meta property=\"og:locale\" content=\"tr_TR\" \/>\n<meta property=\"og:type\" content=\"article\" \/>\n<meta property=\"og:title\" content=\"Hukuki Yaz\u0131lar - AV. DO\u011eAN \u00d6ZKAN\" \/>\n<meta property=\"og:description\" content=\"\u015eubat 19, 2026 admin\/0 Comments VERASET I\u0307LAMI TALEBI\u0307 Detaylar \u015eubat 19, 2026 admin\/0 Comments TRAFI\u0307K KAZASINDAN DOG\u0306AN MADDI\u0307 TAZMI\u0307NAT TALEBI\u0307 Detaylar \u015eubat 19, 2026 admin\/0 Comments Temerr\u00fcde dayal\u0131 dava dilekc\u0327esi [&hellip;]\" \/>\n<meta property=\"og:url\" content=\"https:\/\/drone.webboll.com\/index.php\/hukuki-yazilar\/\" \/>\n<meta property=\"og:site_name\" content=\"AV. DO\u011eAN \u00d6ZKAN\" \/>\n<meta property=\"article:modified_time\" content=\"2026-02-21T18:55:20+00:00\" \/>\n<meta name=\"twitter:card\" content=\"summary_large_image\" \/>\n<meta name=\"twitter:label1\" content=\"Tahmini okuma s\u00fcresi\" \/>\n\t<meta name=\"twitter:data1\" content=\"1 dakika\" \/>\n<script type=\"application\/ld+json\" class=\"yoast-schema-graph\">{\"@context\":\"https:\/\/schema.org\",\"@graph\":[{\"@type\":\"WebPage\",\"@id\":\"https:\/\/drone.webboll.com\/index.php\/hukuki-yazilar\/\",\"url\":\"https:\/\/drone.webboll.com\/index.php\/hukuki-yazilar\/\",\"name\":\"Hukuki Yaz\u0131lar - AV. DO\u011eAN \u00d6ZKAN\",\"isPartOf\":{\"@id\":\"https:\/\/drone.webboll.com\/#website\"},\"datePublished\":\"2026-02-21T18:54:49+00:00\",\"dateModified\":\"2026-02-21T18:55:20+00:00\",\"breadcrumb\":{\"@id\":\"https:\/\/drone.webboll.com\/index.php\/hukuki-yazilar\/#breadcrumb\"},\"inLanguage\":\"tr\",\"potentialAction\":[{\"@type\":\"ReadAction\",\"target\":[\"https:\/\/drone.webboll.com\/index.php\/hukuki-yazilar\/\"]}]},{\"@type\":\"BreadcrumbList\",\"@id\":\"https:\/\/drone.webboll.com\/index.php\/hukuki-yazilar\/#breadcrumb\",\"itemListElement\":[{\"@type\":\"ListItem\",\"position\":1,\"name\":\"Anasayfa\",\"item\":\"https:\/\/drone.webboll.com\/\"},{\"@type\":\"ListItem\",\"position\":2,\"name\":\"Hukuki Yaz\u0131lar\"}]},{\"@type\":\"WebSite\",\"@id\":\"https:\/\/drone.webboll.com\/#website\",\"url\":\"https:\/\/drone.webboll.com\/\",\"name\":\"AV. DO\u011eAN \u00d6ZKAN\",\"description\":\"\",\"potentialAction\":[{\"@type\":\"SearchAction\",\"target\":{\"@type\":\"EntryPoint\",\"urlTemplate\":\"https:\/\/drone.webboll.com\/?s={search_term_string}\"},\"query-input\":{\"@type\":\"PropertyValueSpecification\",\"valueRequired\":true,\"valueName\":\"search_term_string\"}}],\"inLanguage\":\"tr\"}]}<\/script>\n<!-- \/ Yoast SEO plugin. -->","yoast_head_json":{"title":"Hukuki Yaz\u0131lar - AV. DO\u011eAN \u00d6ZKAN","robots":{"index":"index","follow":"follow","max-snippet":"max-snippet:-1","max-image-preview":"max-image-preview:large","max-video-preview":"max-video-preview:-1"},"canonical":"https:\/\/drone.webboll.com\/index.php\/hukuki-yazilar\/","og_locale":"tr_TR","og_type":"article","og_title":"Hukuki Yaz\u0131lar - AV. DO\u011eAN \u00d6ZKAN","og_description":"\u015eubat 19, 2026 admin\/0 Comments VERASET I\u0307LAMI TALEBI\u0307 Detaylar \u015eubat 19, 2026 admin\/0 Comments TRAFI\u0307K KAZASINDAN DOG\u0306AN MADDI\u0307 TAZMI\u0307NAT TALEBI\u0307 Detaylar \u015eubat 19, 2026 admin\/0 Comments Temerr\u00fcde dayal\u0131 dava dilekc\u0327esi [&hellip;]","og_url":"https:\/\/drone.webboll.com\/index.php\/hukuki-yazilar\/","og_site_name":"AV. DO\u011eAN \u00d6ZKAN","article_modified_time":"2026-02-21T18:55:20+00:00","twitter_card":"summary_large_image","twitter_misc":{"Tahmini okuma s\u00fcresi":"1 dakika"},"schema":{"@context":"https:\/\/schema.org","@graph":[{"@type":"WebPage","@id":"https:\/\/drone.webboll.com\/index.php\/hukuki-yazilar\/","url":"https:\/\/drone.webboll.com\/index.php\/hukuki-yazilar\/","name":"Hukuki Yaz\u0131lar - AV. DO\u011eAN \u00d6ZKAN","isPartOf":{"@id":"https:\/\/drone.webboll.com\/#website"},"datePublished":"2026-02-21T18:54:49+00:00","dateModified":"2026-02-21T18:55:20+00:00","breadcrumb":{"@id":"https:\/\/drone.webboll.com\/index.php\/hukuki-yazilar\/#breadcrumb"},"inLanguage":"tr","potentialAction":[{"@type":"ReadAction","target":["https:\/\/drone.webboll.com\/index.php\/hukuki-yazilar\/"]}]},{"@type":"BreadcrumbList","@id":"https:\/\/drone.webboll.com\/index.php\/hukuki-yazilar\/#breadcrumb","itemListElement":[{"@type":"ListItem","position":1,"name":"Anasayfa","item":"https:\/\/drone.webboll.com\/"},{"@type":"ListItem","position":2,"name":"Hukuki Yaz\u0131lar"}]},{"@type":"WebSite","@id":"https:\/\/drone.webboll.com\/#website","url":"https:\/\/drone.webboll.com\/","name":"AV. DO\u011eAN \u00d6ZKAN","description":"","potentialAction":[{"@type":"SearchAction","target":{"@type":"EntryPoint","urlTemplate":"https:\/\/drone.webboll.com\/?s={search_term_string}"},"query-input":{"@type":"PropertyValueSpecification","valueRequired":true,"valueName":"search_term_string"}}],"inLanguage":"tr"}]}},"_links":{"self":[{"href":"https:\/\/drone.webboll.com\/index.php\/wp-json\/wp\/v2\/pages\/2372","targetHints":{"allow":["GET"]}}],"collection":[{"href":"https:\/\/drone.webboll.com\/index.php\/wp-json\/wp\/v2\/pages"}],"about":[{"href":"https:\/\/drone.webboll.com\/index.php\/wp-json\/wp\/v2\/types\/page"}],"author":[{"embeddable":true,"href":"https:\/\/drone.webboll.com\/index.php\/wp-json\/wp\/v2\/users\/1"}],"replies":[{"embeddable":true,"href":"https:\/\/drone.webboll.com\/index.php\/wp-json\/wp\/v2\/comments?post=2372"}],"version-history":[{"count":4,"href":"https:\/\/drone.webboll.com\/index.php\/wp-json\/wp\/v2\/pages\/2372\/revisions"}],"predecessor-version":[{"id":2377,"href":"https:\/\/drone.webboll.com\/index.php\/wp-json\/wp\/v2\/pages\/2372\/revisions\/2377"}],"wp:attachment":[{"href":"https:\/\/drone.webboll.com\/index.php\/wp-json\/wp\/v2\/media?parent=2372"}],"curies":[{"name":"wp","href":"https:\/\/api.w.org\/{rel}","templated":true}]}}